{"id":6063,"date":"2025-01-23T11:00:08","date_gmt":"2025-01-23T11:00:08","guid":{"rendered":"https:\/\/cangich.com\/?page_id=6063"},"modified":"2025-02-06T13:07:01","modified_gmt":"2025-02-06T13:07:01","slug":"aviso-legal-2","status":"publish","type":"page","link":"https:\/\/cangich.com\/en\/aviso-legal-2\/","title":{"rendered":"Cookies policy"},"content":{"rendered":"\n<h1>\n\t\tPOL\u00cdTICA DE COOKIES\n\t<\/h1>\n<h2>\n\t\tQU\u00c8 \u00c9S UNA COOKIE?\n\t<\/h2>\n\t<p>Aquest lloc web utilitza cookies i\/o tecnologies similars que emmagatzemen i recuperen informaci\u00f3 quan navegues. En general, aquestes tecnologies poden servir per a finalitats molt diverses, com, per exemple, recon\u00e8ixer-te com a usuari, obtenir informaci\u00f3 sobre els teus h\u00e0bits de navegaci\u00f3 o personalitzes la forma en la qual es mostra el contingut. Els usos concrets que fem d&#8217;aquestes tecnologies es descriuen a continuaci\u00f3.<\/p>\n<h2>\n\t\tQUI UTILITZA LA INFORMACI\u00d3 DE LES COOKIES?\n\t<\/h2>\n\t<p><strong>Nom de l&#8217;empresa:<\/strong>\u00a0Can gich Activitats d&#8217;Oci, S.L.<\/p>\n<p><strong>NIF<\/strong>: B55340079<\/p>\n<p><strong>Direcci\u00f3<\/strong>: Paratge Palagret, 5 (17460), Celr\u00e0, Girona.<\/p>\n<h2>\n\t\tQUINS TIPUS DE COOKIES EXISTEIXEN?\n\t<\/h2>\n\tLes Cookies poden classificar-se, en virtut de les seves caracter\u00edstiques pr\u00f2pies, dins de diverses categories.<br \/>\n1. Segons l&#8217;entitat que la gestioni:\n<ul>\n<li>Cookies pr\u00f2pies: S\u00f3n aquelles que s&#8217;envien al teu ordinador i s\u00f3n gestionades exclusivament per nosaltres per al millor funcionament del Lloc web.<\/li>\n<li>Cookies de tercers: S\u00f3n aquelles que s&#8217;envien al teu ordinador i no s\u00f3n gestionades per nosaltres sin\u00f3 per una tercera entitat.<\/li>\n<\/ul>\n<p>2. Segons el termini de temps que romanen activades:<\/p>\n<ul>\n<li>Cookies de sessi\u00f3: Aquest tipus de cookies recapten i emmagatzemen dades \u00fanicament mentre l&#8217;Usuari accedeix al Lloc web.<\/li>\n<li>Cookies persistents: Mitjan\u00e7ant aquesta mena de cookies les dades segueixen emmagatzemats i poden ser accedits i tractats durant el per\u00edode definit pel responsable de la cookie, i pot anar d&#8217;uns minuts a diversos anys.<\/li>\n<\/ul>\n<p>3. Segons la finalitat:<\/p>\n<ul>\n<li>Cookies t\u00e8cniques: S\u00f3n aquelles que permeten a l&#8217;usuari la navegaci\u00f3 a trav\u00e9s del lloc web, plataforma o aplicaci\u00f3 i la utilitzaci\u00f3 de les diferents opcions o serveis que el mateix ofereix, com per exemple, controlar el tr\u00e0nsit i la comunicaci\u00f3 de dades, identificar la sessi\u00f3, accedir a parts d&#8217;acc\u00e9s restringit, recordar els elements que integren una comanda, realitzar el proc\u00e9s de compra d&#8217;una comanda, realitzar la sol\u00b7licitud d&#8217;inscripci\u00f3 o participaci\u00f3 en un esdeveniment, utilitzar elements de seguretat durant la navegaci\u00f3, emmagatzemar continguts per a la difusi\u00f3 de v\u00eddeos o so o compartir continguts a trav\u00e9s de xarxes socials.<\/li>\n<li>Cookies de personalitzaci\u00f3: S\u00f3n aquelles que permeten a l&#8217;usuari accedeix al servei amb algunes caracter\u00edstiques de car\u00e0cter general predefinides, com per exemple l&#8217;idioma, la configuraci\u00f3 regional des d&#8217;on accedeix al servei, etc.<\/li>\n<li>Cookies d&#8217;an\u00e0lisis: S\u00f3n aquelles que permeten al responsable d&#8217;aquestes, el seguiment i an\u00e0lisi del comportament dels usuaris dels llocs web als quals estan La informaci\u00f3 recollida mitjan\u00e7ant aquesta mena de cookies s&#8217;utilitza en el mesurament de l&#8217;activitat dels llocs web, aplicaci\u00f3 o plataforma i per a l&#8217;elaboraci\u00f3 de perfils de navegaci\u00f3 dels usuaris d&#8217;aquests llocs, aplicacions i plataformes, amb la finalitat d&#8217;introduir millores en funci\u00f3 de l&#8217;an\u00e0lisi de les dades d&#8217;\u00fas que fan els usuaris del servei.<\/li>\n<li>Cookies publicit\u00e0ries: S\u00f3n aquelles que permeten la gesti\u00f3, de la forma m\u00e9s efica\u00e7 possible, dels espais publicitaris que, en el seu cas, s&#8217;hagi incl\u00f2s en el lloc web, aplicaci\u00f3 o plataforma des de la qual presta el servei sol\u00b7licitat sobre la base dels criteris com el contingut editat o la freq\u00fc\u00e8ncia en la qual es mostren els anuncis.<\/li>\n<li>Cookies de publicitat comportamental: S\u00f3n aquelles que permeten la gesti\u00f3, de la forma m\u00e9s efica\u00e7 possible, dels espais publicitaris que, en el seu cas, l&#8217;editor hagi incl\u00f2s en la seva p\u00e0gina web, aplicaci\u00f3 o plataforma des de la qual presta el servei sol\u00b7licitat. Aquestes cookies emmagatzemen informaci\u00f3 del comportament dels usuaris obtinguda a trav\u00e9s de l&#8217;observaci\u00f3 continuada dels seus h\u00e0bits de navegaci\u00f3, la qual cosa permet desenvolupar un perfil espec\u00edfic per a mostrar publicitat en funci\u00f3 d&#8217;aquest.<\/li>\n<\/ul>\n<h2>\n\t\tQUINS TIPUS DE COOKIES UTILITZA AQUEST LLOC WEB?\n\t<\/h2>\n\t<p>A continuaci\u00f3, s&#8217;especifiquen les cookies en concret emprades en el present Lloc web:<\/p>\n\t<table>\n    <tr>\n        <th>\n            Nom\n        <\/th>\n        <th>\n            Tipus\n        <\/th>\n        <th>\n            Duraci\u00f3\n        <\/th>\n        <th>\n            Finalitat\n        <\/th>\n    <\/tr>\n    <tr>\n        <td>\n            _gat\n        <\/td>\n        <td>\n            Anal\u00edtica\n        <\/td>\n        <td>\n            1 dia\n        <\/td>\n        <td>\n            Utilitzat per Google Analytics per a controlar la taxa de peticions\n        <\/td>\n    <\/tr>\n    <tr>\n        <td>\n            _gid\n        <\/td>\n        <td>\n            Anal\u00edtica\n        <\/td>\n        <td>\n            1 dia\n        <\/td>\n        <td>\n            Registra una identificaci\u00f3 \u00fanica que s&#8217;utilitza per a generar dades estad\u00edstiques sobre com utilitza el visitant el lloc web.\n        <\/td>\n    <\/tr>\n    <tr>\n        <td>\n            _ga\n        <\/td>\n        <td>\n            Anal\u00edtica\n        <\/td>\n        <td>\n            2 anys\n        <\/td>\n        <td>\n            Registra una identificaci\u00f3 \u00fanica que s&#8217;utilitza per a generar dades estad\u00edstiques sobre com utilitza el visitant el lloc web.\n        <\/td>\n    <\/tr>\n    <tr>\n        <td>\n            moove_gdpr_popup\n        <\/td>\n        <td>\n            T\u00e8cnica\n        <\/td>\n        <td>\n            1 anys\n        <\/td>\n        <td>\n            Registra les prefer\u00e8ncies de l&#8217;usuari quant a cookies en la web.\n        <\/td>\n    <\/tr>\n<\/table>\n\t<p>*Aquesta taula pot ser actualitzada conforme a les cookies emprades a cada moment. T&#8217;aconsellem que consulti la nostra Pol\u00edtica de Cookies de manera regular.<\/p>\n<h2>\n\t\tES REALITZEN TRANFERENCIAS DE DADES A TERCERS PA\u00cfSOS?\n\t<\/h2>\n\t<p>Pots informar-te de les transfer\u00e8ncies a tercers pa\u00efsos que, en el seu cas, realitzen els tercers identificats en aquesta pol\u00edtica de cookies en els seus corresponents pol\u00edtiques (Veure els enlla\u00e7os facilitats en la taula anterior, en l&#8217;apartat de cookies de tercers).<\/p>\n<h2>\n\t\tCOM DESHABILITAR I BLOQUAR COOKIES?\n\t<\/h2>\n\t<p>T&#8217;informem que, en qualsevol cas, pots deshabilitar o bloquejar les cookies activant la configuraci\u00f3 del teu navegador, permetent-te rebutjar la instal\u00b7laci\u00f3 de totes o algunes de les cookies. En cas de no permetre la instal\u00b7laci\u00f3 de cookies \u00e9s possible que no puguis accedir a algunes de les funcionalitats del present lloc web, i per tant, la teva experi\u00e8ncia com a usuari en el lloc web resulti menys satisfact\u00f2ria.<\/p>\n<p>Pots permetre, bloquejar o eliminar les cookies instal\u00b7lades en el teu equip mitjan\u00e7ant la configuraci\u00f3 de les opcions del navegador instal\u00b7lat en el teu ordinador. Per a m\u00e9s informaci\u00f3 sobre com ajustar les seves configuracions de cookies en els seg\u00fcents navegadors, et remetem a l&#8217;enlla\u00e7 pertinent:<\/p>\n<p>Internet Explorer<\/p>\n<p><a href=\"https:\/\/support.microsoft.com\/es-es\/help\/17442\/windows-internet-explorer-delete-manage-cookies\">https:\/\/support.microsoft.com\/es-es\/help\/17442\/windows-internet-explorer-delete-manage-cookies<\/a><\/p>\n<p>Firefox<\/p>\n<p><a href=\"https:\/\/support.mozilla.org\/es\/kb\/habilitar-y-deshabilitar-cookies-sitios-web-rastrear-preferencias?redirectlocale=es&amp;redirectslug=habilitar-y-deshabilitar-cookies-que-los-sitios-we\">https:\/\/support.mozilla.org\/es\/kb\/habilitar-y-deshabilitar-cookies-sitios-web-rastrear-preferencias?redirectlocale=es&amp;redirectslug=habilitar-y-deshabilitar-cookies-que-los-sitios-we<\/a><\/p>\n<p>Chrome<\/p>\n<p><a href=\"http:\/\/support.google.com\/chrome\/bin\/answer.py?hl=en&amp;answer=9564\">http:\/\/support.google.com\/chrome\/bin\/answer.py?hl=en&amp;answer=9564<\/a><\/p>\n<p>Safari<\/p>\n<p><a href=\"https:\/\/support.apple.com\/kb\/PH19214?viewlocale=es_ES&amp;locale=es_ES\">https:\/\/support.apple.com\/kb\/PH19214?viewlocale=es_ES&amp;locale=es_ES<\/a><\/p>\n<p>Opera<\/p>\n<p><a href=\"http:\/\/help.opera.com\/Windows\/11.50\/es-ES\/cookies.html\">http:\/\/help.opera.com\/Windows\/11.50\/es-ES\/cookies.html<\/a><\/p>\n<h2>\n\t\tQUINS DRETS TENS SOBRE LES DADES PERSONALS APORTADES?\n\t<\/h2>\n\t<p>Com a usuari, pots exercitar els seg\u00fcents drets:<\/p>\n<ul>\n<li>Dret d&#8217;acc\u00e9s: Tens dret a obtenir per part de l&#8217;empresa confirmaci\u00f3 de si s&#8217;estan tractant o no les teves dades personals que, i en el seu cas, quines dades tracta.<\/li>\n<li>Dret de rectificaci\u00f3: Tens dret a obtenir per part de l&#8217;empresa, la rectificaci\u00f3 de les dades personals inexactes que et concerneixen. En la sol\u00b7licitud de rectificaci\u00f3 haur\u00e0s d&#8217;indicar les dades que desitges que es modifiquin.<\/li>\n<li>Dret d&#8217;oposici\u00f3: Tens dret a oposar-te en qualsevol moment, per motius relacionats amb la teva situaci\u00f3 particular, al fet que dades personals que et concerneixin siguin objecte d&#8217;un tractament basat en l&#8217;inter\u00e8s leg\u00edtim de l&#8217;empresa. En aquest cas, l&#8217;empresa deixar\u00e0 de tractar les dades personals, tret que acreditem motius leg\u00edtims imperiosos per al tractament que prevalguin sobre els teus interessos, drets i llibertats, o per a la formulaci\u00f3, l&#8217;exercici o la defensa de reclamacions.<\/li>\n<li>Dret de supressi\u00f3: Tens dret a obtenir per part de l&#8217;empresa, la supressi\u00f3 de les dades personals que et concerneixin.<\/li>\n<li>Dret a la portabilitat de les dades: Tens dret al fet que l&#8217;empresa transfereixi les teves dades personals a un altre responsable del tractament. Nom\u00e9s \u00e9s possible exercir aquest dret quan el tractament estigui basat en l&#8217;execuci\u00f3 d&#8217;un contracte o en el teu consentiment i el tractament es realitzi per mitjans automatitzats.<\/li>\n<li>Dret a la limitaci\u00f3 del tractament: Tens dret a sol\u00b7licitar-nos que suspenguem el tractament de les teves dades quan: impugnis l&#8217;exactitud de les dades, mentre l&#8217;empresa verifica aquesta exactitud; hagis exercit el dret d&#8217;oposici\u00f3 al tractament de les teves dades, mentre que es verifica si els motius leg\u00edtims de l&#8217;empresa prevalen sobre els teus com a interessat.<\/li>\n<li>Dret a no ser objecte de decisions individuals automatitzades, inclosa l&#8217;elaboraci\u00f3 de perfils: Tens dret a no ser objecte d&#8217;una decisi\u00f3 basada \u00fanicament en el tractament automatitzat, inclosa l&#8217;elaboraci\u00f3 de perfils, que produeixi efectes jur\u00eddics o t&#8217;afecti significativament de manera similar.<\/li>\n<\/ul>\n<p>En qualsevol moment, podr\u00e0s exercitar aquests Drets, mitjan\u00e7ant un escrit i acreditant La teva personalitat dirigit al responsable del tractament, a l&#8217;adre\u00e7a que apareix m\u00e9s amunt.<\/p>\n<p>A m\u00e9s, podr\u00e0s presentar una reclamaci\u00f3 davant l&#8217;autoritat de control, en aquest cas, l&#8217;Ag\u00e8ncia Espanyola de Protecci\u00f3 de Dades, si consideres que el tractament de dades personals infringeix la legislaci\u00f3 aplicable.<\/p>\n<h2>\n\t\tCONTACTE\n\t<\/h2>\n\t<p>Si tens qualsevol pregunta, no dubtis en fer-la.<\/p>\n\t<div class=\"frm_forms  with_frm_style frm_style_formidable-style\" id=\"frm_form_3_container\" >\n<form enctype=\"multipart\/form-data\" method=\"post\" class=\"frm-show-form \" id=\"form_contact3\" >\n<div class=\"frm_form_fields \">\n<fieldset>\n\r\n<div class=\"frm_fields_container\">\n<input type=\"hidden\" name=\"frm_action\" value=\"create\" \/>\n<input type=\"hidden\" name=\"form_id\" value=\"3\" \/>\n<input type=\"hidden\" name=\"frm_hide_fields_3\" id=\"frm_hide_fields_3\" value=\"\" \/>\n<input type=\"hidden\" name=\"form_key\" value=\"contact3\" \/>\n<input type=\"hidden\" name=\"item_meta[0]\" value=\"\" \/>\n<input type=\"hidden\" id=\"frm_submit_entry_3\" name=\"frm_submit_entry_3\" value=\"dec41abb30\" \/><input type=\"hidden\" name=\"_wp_http_referer\" value=\"\/en\/wp-json\/wp\/v2\/pages\/6063\" \/><div id=\"frm_field_9_container\" class=\"frm_form_field form-field  frm_required_field frm_none_container frm_full\">\r\n    <label for=\"field_xipbjr3\" class=\"frm_primary_label\">Name\r\n        <span class=\"frm_required\">*<\/span>\r\n    <\/label>\r\n    <input type=\"text\" id=\"field_xipbjr3\" name=\"item_meta[9]\" value=\"\"  placeholder=\"Nom\" data-reqmsg=\"Este campo es obligatorio\" aria-required=\"true\" data-invmsg=\"Name no es v\u00e1lido\" aria-invalid=\"false\"  \/>\r\n    \r\n    \r\n<\/div>\n<div id=\"frm_field_10_container\" class=\"frm_form_field form-field  frm_required_field frm_none_container frm_full\">\r\n    <label for=\"field_jaehy83\" class=\"frm_primary_label\">Email\r\n        <span class=\"frm_required\">*<\/span>\r\n    <\/label>\r\n    <input type=\"text\" id=\"field_jaehy83\" name=\"item_meta[10]\" value=\"\"  placeholder=\"Email\" data-reqmsg=\"Este campo es obligatorio.\" aria-required=\"true\" data-invmsg=\"Email no es v\u00e1lido\" aria-invalid=\"false\"  \/>\r\n    \r\n    \r\n<\/div>\n<div id=\"frm_field_11_container\" class=\"frm_form_field form-field  frm_none_container frm_full\">\r\n    <label for=\"field_cqpguu3\" class=\"frm_primary_label\">Phone\r\n        <span class=\"frm_required\"><\/span>\r\n    <\/label>\r\n    <input type=\"text\" id=\"field_cqpguu3\" name=\"item_meta[11]\" value=\"\"  placeholder=\"Tel\u00e8fon\" data-invmsg=\"Phone no es v\u00e1lido\" aria-invalid=\"false\"  \/>\r\n    \r\n    \r\n<\/div>\n<div id=\"frm_field_13_container\" class=\"frm_form_field form-field  frm_required_field frm_none_container frm_full\">\r\n    <label for=\"field_kggkvh3\" class=\"frm_primary_label\">Missatge\r\n        <span class=\"frm_required\">*<\/span>\r\n    <\/label>\r\n    <textarea name=\"item_meta[13]\" id=\"field_kggkvh3\" rows=\"5\"  placeholder=\"Missatge\" data-reqmsg=\"Este campo es obligatorio.\" aria-required=\"true\" data-invmsg=\"Missatge is invalid\" aria-invalid=\"false\"  ><\/textarea>\r\n    \r\n    \r\n<\/div>\n<div id=\"frm_field_80_container\" class=\"frm_form_field form-field  frm_top_container vertical_radio\">\n    <div  id=\"field_4zhvm_label\" class=\"frm_primary_label\">Accepto la pol\u00edtica de privacitat\n        <span class=\"frm_required\"><\/span>\n    <\/div>\n    <div class=\"frm_opt_container\" aria-labelledby=\"field_4zhvm_label\" role=\"group\">\t\t<div class=\"frm_checkbox\" id=\"frm_checkbox_80-0\">\t\t\t<label  for=\"field_4zhvm-0\">\n\t\t\t<input type=\"checkbox\" name=\"item_meta[80][]\" id=\"field_4zhvm-0\" value=\"Accepto\"  data-invmsg=\"Accepto la pol\u00edtica de privacitat is invalid\"   \/> Accepto<\/label><\/div>\n<\/div>\n    \n    \n<\/div>\n<div id=\"frm_field_82_container\" class=\"frm_form_field form-field \">\n\t<div class=\"frm_submit\">\r\n\r\n<input type=\"submit\" value=\"Enviar\"  \/>\r\n<img decoding=\"async\" class=\"frm_ajax_loading\" src=\"https:\/\/cangich.com\/wp-content\/plugins\/formidable\/images\/ajax_loader.gif\" alt=\"Sending\" style=\"visibility:hidden;\" \/>\r\n\r\n<\/div>\n<\/div>\n\t<input type=\"hidden\" name=\"item_key\" value=\"\" \/>\n\t\t\t<div id=\"frm_field_83_container\">\n\t\t\t<label for=\"field_v5622\" >\n\t\t\t\tIf you are human, leave this field blank.\t\t\t<\/label>\n\t\t\t<input  id=\"field_v5622\" type=\"text\" class=\"frm_form_field form-field frm_verify\" name=\"item_meta[83]\" value=\"\"  \/>\n\t\t<\/div>\n\t\t<input name=\"frm_state\" type=\"hidden\" value=\"IJdW\/LtUnOZx56QYfsYziR+2Zh7qrv2pQxD6aO3dBbo=\" \/><\/div>\n<\/fieldset>\n<\/div>\n<script type=\"text\/javascript\">var input = document.createElement('input');\n    input.setAttribute('type', 'hidden');\n    input.setAttribute('name', 'ct_checkjs_frm');\n    input.setAttribute('value', 'ccaa6f34a3508c13c676f495625cc9bd1d563a2412c57e7bda794ac3a07e30f2');\n    for (i = 0; i < document.forms.length; i++) {\n        if (typeof document.forms[i].id == 'string'){\n\t\t\tif(document.forms[i].id.search('form_contact3') != -1) {\n            document.forms[i].appendChild(input);\n\t\t\t}\n        }\n    }<\/script>\n\n<\/form>\n<\/div>\n\n\n","protected":false},"excerpt":{"rendered":"<p>POL\u00cdTICA DE COOKIES QU\u00c8 \u00c9S UNA COOKIE? Aquest lloc web utilitza cookies i\/o tecnologies similars que emmagatzemen i recuperen informaci\u00f3 quan navegues. En general, aquestes tecnologies poden servir per a finalitats molt diverses, com, per exemple, recon\u00e8ixer-te com a usuari, &hellip; <a href=\"https:\/\/cangich.com\/en\/aviso-legal-2\/\">Read More<\/a><\/p>\n","protected":false},"author":1,"featured_media":0,"parent":0,"menu_order":0,"comment_status":"closed","ping_status":"closed","template":"template-page-builder-no-header-footer.php","meta":{"_monsterinsights_skip_tracking":false,"_monsterinsights_sitenote_active":false,"_monsterinsights_sitenote_note":"","_monsterinsights_sitenote_category":0,"footnotes":""},"class_list":["post-6063","page","type-page","status-publish","hentry"],"yoast_head":"<!-- This site is optimized with the Yoast SEO plugin v27.2 - https:\/\/yoast.com\/product\/yoast-seo-wordpress\/ -->\n<title>Cookies policy - Can Gich<\/title>\n<meta name=\"robots\" content=\"index, follow, max-snippet:-1, max-image-preview:large, max-video-preview:-1\" \/>\n<link rel=\"canonical\" href=\"https:\/\/cangich.com\/en\/aviso-legal-2\/\" \/>\n<meta property=\"og:locale\" content=\"en_US\" \/>\n<meta property=\"og:type\" content=\"article\" \/>\n<meta property=\"og:title\" content=\"Cookies policy - Can Gich\" \/>\n<meta property=\"og:description\" content=\"POL\u00cdTICA DE COOKIES QU\u00c8 \u00c9S UNA COOKIE? Aquest lloc web utilitza cookies i\/o tecnologies similars que emmagatzemen i recuperen informaci\u00f3 quan navegues. En general, aquestes tecnologies poden servir per a finalitats molt diverses, com, per exemple, recon\u00e8ixer-te com a usuari, &hellip; Read More\" \/>\n<meta property=\"og:url\" content=\"https:\/\/cangich.com\/en\/aviso-legal-2\/\" \/>\n<meta property=\"og:site_name\" content=\"Can Gich\" \/>\n<meta property=\"article:modified_time\" content=\"2025-02-06T13:07:01+00:00\" \/>\n<meta name=\"twitter:card\" content=\"summary_large_image\" \/>\n<meta name=\"twitter:label1\" content=\"Est. reading time\" \/>\n\t<meta name=\"twitter:data1\" content=\"7 minutes\" \/>\n<script type=\"application\/ld+json\" class=\"yoast-schema-graph\">{\"@context\":\"https:\/\/schema.org\",\"@graph\":[{\"@type\":\"WebPage\",\"@id\":\"https:\/\/cangich.com\/en\/aviso-legal-2\/\",\"url\":\"https:\/\/cangich.com\/en\/aviso-legal-2\/\",\"name\":\"Cookies policy - Can Gich\",\"isPartOf\":{\"@id\":\"https:\/\/cangich.com\/#website\"},\"datePublished\":\"2025-01-23T11:00:08+00:00\",\"dateModified\":\"2025-02-06T13:07:01+00:00\",\"breadcrumb\":{\"@id\":\"https:\/\/cangich.com\/en\/aviso-legal-2\/#breadcrumb\"},\"inLanguage\":\"en-US\",\"potentialAction\":[{\"@type\":\"ReadAction\",\"target\":[\"https:\/\/cangich.com\/en\/aviso-legal-2\/\"]}]},{\"@type\":\"BreadcrumbList\",\"@id\":\"https:\/\/cangich.com\/en\/aviso-legal-2\/#breadcrumb\",\"itemListElement\":[{\"@type\":\"ListItem\",\"position\":1,\"name\":\"Portada\",\"item\":\"https:\/\/cangich.com\/en\/\"},{\"@type\":\"ListItem\",\"position\":2,\"name\":\"Cookies policy\"}]},{\"@type\":\"WebSite\",\"@id\":\"https:\/\/cangich.com\/#website\",\"url\":\"https:\/\/cangich.com\/\",\"name\":\"Can Gich\",\"description\":\"Cicloturisme i natura\",\"potentialAction\":[{\"@type\":\"SearchAction\",\"target\":{\"@type\":\"EntryPoint\",\"urlTemplate\":\"https:\/\/cangich.com\/?s={search_term_string}\"},\"query-input\":{\"@type\":\"PropertyValueSpecification\",\"valueRequired\":true,\"valueName\":\"search_term_string\"}}],\"inLanguage\":\"en-US\"}]}<\/script>\n<!-- \/ Yoast SEO plugin. -->","yoast_head_json":{"title":"Cookies policy - Can Gich","robots":{"index":"index","follow":"follow","max-snippet":"max-snippet:-1","max-image-preview":"max-image-preview:large","max-video-preview":"max-video-preview:-1"},"canonical":"https:\/\/cangich.com\/en\/aviso-legal-2\/","og_locale":"en_US","og_type":"article","og_title":"Cookies policy - Can Gich","og_description":"POL\u00cdTICA DE COOKIES QU\u00c8 \u00c9S UNA COOKIE? Aquest lloc web utilitza cookies i\/o tecnologies similars que emmagatzemen i recuperen informaci\u00f3 quan navegues. En general, aquestes tecnologies poden servir per a finalitats molt diverses, com, per exemple, recon\u00e8ixer-te com a usuari, &hellip; Read More","og_url":"https:\/\/cangich.com\/en\/aviso-legal-2\/","og_site_name":"Can Gich","article_modified_time":"2025-02-06T13:07:01+00:00","twitter_card":"summary_large_image","twitter_misc":{"Est. reading time":"7 minutes"},"schema":{"@context":"https:\/\/schema.org","@graph":[{"@type":"WebPage","@id":"https:\/\/cangich.com\/en\/aviso-legal-2\/","url":"https:\/\/cangich.com\/en\/aviso-legal-2\/","name":"Cookies policy - Can Gich","isPartOf":{"@id":"https:\/\/cangich.com\/#website"},"datePublished":"2025-01-23T11:00:08+00:00","dateModified":"2025-02-06T13:07:01+00:00","breadcrumb":{"@id":"https:\/\/cangich.com\/en\/aviso-legal-2\/#breadcrumb"},"inLanguage":"en-US","potentialAction":[{"@type":"ReadAction","target":["https:\/\/cangich.com\/en\/aviso-legal-2\/"]}]},{"@type":"BreadcrumbList","@id":"https:\/\/cangich.com\/en\/aviso-legal-2\/#breadcrumb","itemListElement":[{"@type":"ListItem","position":1,"name":"Portada","item":"https:\/\/cangich.com\/en\/"},{"@type":"ListItem","position":2,"name":"Cookies policy"}]},{"@type":"WebSite","@id":"https:\/\/cangich.com\/#website","url":"https:\/\/cangich.com\/","name":"Can Gich","description":"Cicloturisme i natura","potentialAction":[{"@type":"SearchAction","target":{"@type":"EntryPoint","urlTemplate":"https:\/\/cangich.com\/?s={search_term_string}"},"query-input":{"@type":"PropertyValueSpecification","valueRequired":true,"valueName":"search_term_string"}}],"inLanguage":"en-US"}]}},"_links":{"self":[{"href":"https:\/\/cangich.com\/en\/wp-json\/wp\/v2\/pages\/6063","targetHints":{"allow":["GET"]}}],"collection":[{"href":"https:\/\/cangich.com\/en\/wp-json\/wp\/v2\/pages"}],"about":[{"href":"https:\/\/cangich.com\/en\/wp-json\/wp\/v2\/types\/page"}],"author":[{"embeddable":true,"href":"https:\/\/cangich.com\/en\/wp-json\/wp\/v2\/users\/1"}],"replies":[{"embeddable":true,"href":"https:\/\/cangich.com\/en\/wp-json\/wp\/v2\/comments?post=6063"}],"version-history":[{"count":1,"href":"https:\/\/cangich.com\/en\/wp-json\/wp\/v2\/pages\/6063\/revisions"}],"predecessor-version":[{"id":6065,"href":"https:\/\/cangich.com\/en\/wp-json\/wp\/v2\/pages\/6063\/revisions\/6065"}],"wp:attachment":[{"href":"https:\/\/cangich.com\/en\/wp-json\/wp\/v2\/media?parent=6063"}],"curies":[{"name":"wp","href":"https:\/\/api.w.org\/{rel}","templated":true}]}}