{"id":6075,"date":"2025-01-23T11:13:43","date_gmt":"2025-01-23T11:13:43","guid":{"rendered":"https:\/\/cangich.com\/?page_id=6075"},"modified":"2025-02-06T13:04:34","modified_gmt":"2025-02-06T13:04:34","slug":"aviso-legal","status":"publish","type":"page","link":"https:\/\/cangich.com\/es\/aviso-legal\/","title":{"rendered":"Aviso legal"},"content":{"rendered":"\n<h2>\n\t\tAv\u00eds legal\n\t<\/h2>\n\t<p>En compliment de la Llei 34\/2002, d&#8217;11 de juliol, de Serveis de la Societat de la Informaci\u00f3 i de Comer\u00e7 Electr\u00f2nic (LSSI-CE), l&#8217;empresa l&#8217;informa que \u00e9s titular del lloc web. D&#8217;acord amb l&#8217;exig\u00e8ncia de l&#8217;article 10 de la citada Llei, informa de les seg\u00fcents dades: El titular d&#8217;aquest lloc web \u00e9s:<\/p>\n<p>&nbsp;<\/p>\n<p><strong>Nom de l&#8217;empresa<\/strong>:\u00a0Can gich Activitats d&#8217;Oci, S.L.<\/p>\n<p><strong>NIF<\/strong>:\u00a0B55340079<\/p>\n<p><strong>Direcci\u00f3<\/strong>:\u00a0Paratge Palagret, 5 (17460), Celr\u00e0, Girona.<\/p>\n<p>Per comunicar-se amb nosaltres, posem a la teva disposici\u00f3 diferents mitjans de contacte que detallem a continuaci\u00f3:<\/p>\n<p><strong>Tel\u00e8fon<\/strong>:\u00a0 +34 667 77 69 87<\/p>\n<p><strong>Correu electr\u00f2nic<\/strong>: holacangich@gmail.com<\/p>\n<h2>\n\t\tUSUARIS\n\t<\/h2>\n\t<p>L&#8217;acc\u00e9s i\/o \u00fas d&#8217;aquest portal li atribueix la condici\u00f3 d&#8217;USUARI, que accepta, des d&#8217;aquest acc\u00e9s i\/o \u00fas, les Condicions Generals d&#8217;\u00das aqu\u00ed reflectides. Les citades Condicions seran aplicable independentment de les Condicions Generals de Contractaci\u00f3 que si escau resultin d&#8217;obligat compliment.<\/p>\n<h2>\n\t\t\u00daS DEL PORTAL\n\t<\/h2>\n\t<p>La p\u00e0gina web proporciona l&#8217;acc\u00e9s a multitud d&#8217;informacions, serveis, programes o dades (d&#8217;ara endavant, \u00abels continguts\u00bb) en Internet pertanyents a Can gich Activitats d&#8217;Oci, S.L. o als seus llicenciadors als quals l&#8217;USUARI pugui tenir acc\u00e9s. L&#8217;USUARI assumeix la responsabilitat del \u00fas del portal. Aquesta responsabilitat s&#8217;est\u00e9n al registre que fos necessari per a accedir a determinats serveis o continguts.<\/p>\n<p>En aquest registre l&#8217;USUARI ser\u00e0 responsable d&#8217;aportar informaci\u00f3 vera\u00e7 i l\u00edcita. A conseq\u00fc\u00e8ncia d&#8217;aquest registre, a l&#8217;USUARI se li pot proporcionar una contrasenya de la qual ser\u00e0 responsable, comprometent-se a fer un \u00fas diligent i confidencial d&#8217;aquesta. L&#8217;USUARI es compromet a fer un \u00fas adequat dels continguts i serveis que\u00a0Can gich Activitats d&#8217;Oci, S.L.. ofereix a trav\u00e9s del seu portal i amb car\u00e0cter enunciatiu per\u00f2 no limitatiu, a no emprar-los per a:<\/p>\n<p>1. Inc\u00f3rrer en activitats il\u00b7l\u00edcites, il\u00b7legals o contr\u00e0ries a la bona fe i a l&#8217;ordre p\u00fablic<\/p>\n<p>2. Difondre continguts o propaganda de car\u00e0cter racista, xen\u00f2fob, pornogr\u00e0fic-il\u00b7legal, d&#8217;apologia del terrorisme o atemptatori contra els drets humans<\/p>\n<p>3. Provocar danys en els sistemes f\u00edsics i l\u00f2gics de\u00a0Can gich Activitats d&#8217;Oci, S.L, dels seus prove\u00efdors o de terceres persones, introduir o difondre en la xarxa virus inform\u00e0tics o qualssevol altres sistemes f\u00edsics o l\u00f2gics que siguin susceptibles de provocar els danys anteriorment esmentats.<\/p>\n<p>4. Intentar accedir i, en el seu cas, utilitzar els comptes de correu electr\u00f2nic d&#8217;altres usuaris i modificar manipular els seus missatges. Can gich Activitats d&#8217;Oci, S.L. es reserva el dret de retirar tots aquells comentaris i aportacions que vulnerin el respecte a la dignitat de la persona, que siguin discriminatoris, xen\u00f2fobs, racistes, pornogr\u00e0fics, que atemptin contra la joventut o la inf\u00e0ncia, l&#8217;ordre o la seguretat p\u00fablica o que, al seu judici, no resultessin adequats per a la seva publicaci\u00f3. En qualsevol cas, Can gich Activitats d&#8217;Oci, S.L. no ser\u00e0 responsable de les opinions abocades pels usuaris a trav\u00e9s dels f\u00f2rums, xats, o altres eines de participaci\u00f3.<\/p>\n<h2>\n\t\tPROPIETAT INTEL\u00b7LECTUAL I INDUSTRIAL\n\t<\/h2>\n\t<p>Can gich Activitats d&#8217;Oci, S.L. ser\u00e0 titular de tots els drets de propietat intel\u00b7lectual i industrial de la seva p\u00e0gina web, aix\u00ed com dels elements continguts en la mateixa (a t\u00edtol enunciatiu, imatges, so, \u00e0udio, v\u00eddeo, programari o textos; marques o logotips, combinacions de colors, estructura i disseny, selecci\u00f3 de materials usats, programes d&#8217;ordinador necessaris per al seu funcionament, acc\u00e9s i \u00fas, etc.).<\/p>\n<p>Tots els drets reservats. En virtut del que es disposa en els articles 8 i 32.1, par\u00e0graf segon, de la Llei de Propietat Intel\u00b7lectual, queden expressament prohibides la reproducci\u00f3, la distribuci\u00f3 i la comunicaci\u00f3 p\u00fablica, inclosa la seva modalitat de posada a disposici\u00f3, de la totalitat o part dels continguts d&#8217;aquesta p\u00e0gina web, amb finalitats comercials, en qualsevol suport i per qualsevol mitj\u00e0 t\u00e8cnic, sense l&#8217;autoritzaci\u00f3 de Can gich Activitats d&#8217;Oci, S.L. L&#8217;USUARI es compromet a respectar els drets de Propietat Intel\u00b7lectual i Industrial titularitat de Can gich Activitats d&#8217;Oci, S.L.. Podr\u00e0 visualitzar els elements del portal i fins i tot imprimir-los, copiar-los i emmagatzemar-los en el disc dur del seu ordinador o en qualsevol altre suport f\u00edsic sempre que sigui, exclusivament, per al seu \u00fas personal i privat. L&#8217;USUARI haur\u00e0 d&#8217;abstenir-se de suprimir, alterar, eludir o manipular qualsevol dispositiu de protecci\u00f3 o sistema de seguretat que estigu\u00e9s instal\u00b7lat en el les p\u00e0gines de Can gich Activitats d&#8217;Oci, S.L.<\/p>\n<h2>\n\t\tEXCLUSI\u00d3 DE GARANTIES I RESPONSABILITAT\n\t<\/h2>\n\t<p>Can gich Activitats d&#8217;Oci, S.L. no es fa responsable, en cap cas, dels danys i perjudicis de qualsevol naturalesa que poguessin ocasionar, a t\u00edtol enunciatiu: errors o omissions en els continguts, falta de disponibilitat del portal o la transmissi\u00f3 de virus o programes maliciosos o lesius en els continguts, malgrat haver adoptat totes les mesures tecnol\u00f2giques necess\u00e0ries per a evitar-ho.<\/p>\n<h2>\n\t\tMODIFICACIONS\n\t<\/h2>\n\t<p>Can gich Activitats d&#8217;Oci, S.L. es reserva el dret d&#8217;efectuar sense previ av\u00eds les modificacions que consideri oportunes en el seu portal, podent canviar, suprimir o afegir tant els continguts i serveis que es prestin a trav\u00e9s de la mateixa com la forma en la qual aquests apareguin presentats o localitzats en el seu portal.<\/p>\n<h2>\n\t\tENLLA\u00c7OS\n\t<\/h2>\n\t<p>En el cas que en la p\u00e0gina web es disposessin enlla\u00e7os o enlla\u00e7os cap altres llocs d&#8217;Internet, Can gich Activitats d&#8217;Oci, S.L. no exercir\u00e0 cap mena de control sobre aquests llocs i continguts. En cap cas Can gich Activitats d&#8217;Oci, S.L. assumir\u00e0 cap responsabilitat pels continguts d&#8217;algun enlla\u00e7 pertanyent a un lloc web ali\u00e8, ni garantir\u00e0 la disponibilitat t\u00e8cnica, qualitat, fiabilitat, exactitud, amplitud, veracitat, validesa i constitucionalitat de qualsevol material o informaci\u00f3 continguda en cap d&#8217;aquests enlla\u00e7os o altres llocs d&#8217;Internet.<\/p>\n<p>Igualment, la inclusi\u00f3 d&#8217;aquestes connexions externes no implicar\u00e0 cap mena d&#8217;associaci\u00f3, fusi\u00f3 o participaci\u00f3 amb les entitats connectades.<\/p>\n<h2>\n\t\tDRETS D&#8217;EXCLUSI\u00d3\n\t<\/h2>\n\t<p>Can gich Activitats d&#8217;Oci, S.L. es reserva el dret a denegar o retirar l&#8217;acc\u00e9s a portal i\/o els serveis oferts sense necessitat de preav\u00eds, a inst\u00e0ncia pr\u00f2pia o d&#8217;un tercer, a aquells usuaris que incompleixin les presents Condicions Generals d&#8217;\u00das.<\/p>\n<h2>\n\t\tGENERALITATS\n\t<\/h2>\n\t<p>Can gich Activitats d&#8217;Oci, S.L, perseguir\u00e0 l&#8217;incompliment de les presents condicions, aix\u00ed com qualsevol utilitzaci\u00f3 indeguda del seu portal exercint totes les accions civils i penals que li puguin correspondre en dret.<\/p>\n<h2>\n\t\tMODIFICACIONS DE LES PRESENTS CONDICIONS I DURADA\n\t<\/h2>\n\t<p>Can gich Activitats d&#8217;Oci, S.L. podr\u00e0 modificar en qualsevol moment les condicions aqu\u00ed determinades, sent degudament publicades com aqu\u00ed apareixen.<\/p>\n<p>La vig\u00e8ncia de les citades condicions anir\u00e0 en funci\u00f3 de la seva exposici\u00f3 i estaran vigents fins que siguin modificades per unes altres degudament publicades.<\/p>\n<h2>\n\t\tLEGISLACI\u00d3 APLICABLE I JURISDICCI\u00d3\n\t<\/h2>\n\t<p>La relaci\u00f3 entre Can gich Activitats d&#8217;Oci, S.L. i l&#8217;USUARI es regir\u00e0 per la normativa espanyola vigent i qualsevol controv\u00e8rsia se sotmetr\u00e0 als Jutjats i tribunals de la ciutat anteriorment indicada.<\/p>\n<h2>\n\t\tCONTACTE\n\t<\/h2>\n\t<p>Si tens qualsevol pregunta, no dubtis en fer-la.<\/p>\n\t<div class=\"frm_forms  with_frm_style frm_style_formidable-style\" id=\"frm_form_3_container\" >\n<form enctype=\"multipart\/form-data\" method=\"post\" class=\"frm-show-form \" id=\"form_contact3\" >\n<div class=\"frm_form_fields \">\n<fieldset>\n\r\n<div class=\"frm_fields_container\">\n<input type=\"hidden\" name=\"frm_action\" value=\"create\" \/>\n<input type=\"hidden\" name=\"form_id\" value=\"3\" \/>\n<input type=\"hidden\" name=\"frm_hide_fields_3\" id=\"frm_hide_fields_3\" value=\"\" \/>\n<input type=\"hidden\" name=\"form_key\" value=\"contact3\" \/>\n<input type=\"hidden\" name=\"item_meta[0]\" value=\"\" \/>\n<input type=\"hidden\" id=\"frm_submit_entry_3\" name=\"frm_submit_entry_3\" value=\"dec41abb30\" \/><input type=\"hidden\" name=\"_wp_http_referer\" value=\"\/es\/wp-json\/wp\/v2\/pages\/6075\" \/><div id=\"frm_field_9_container\" class=\"frm_form_field form-field  frm_required_field frm_none_container frm_full\">\r\n    <label for=\"field_xipbjr3\" class=\"frm_primary_label\">Name\r\n        <span class=\"frm_required\">*<\/span>\r\n    <\/label>\r\n    <input type=\"text\" id=\"field_xipbjr3\" name=\"item_meta[9]\" value=\"\"  placeholder=\"Nom\" data-reqmsg=\"Este campo es obligatorio\" aria-required=\"true\" data-invmsg=\"Name no es v\u00e1lido\" aria-invalid=\"false\"  \/>\r\n    \r\n    \r\n<\/div>\n<div id=\"frm_field_10_container\" class=\"frm_form_field form-field  frm_required_field frm_none_container frm_full\">\r\n    <label for=\"field_jaehy83\" class=\"frm_primary_label\">Email\r\n        <span class=\"frm_required\">*<\/span>\r\n    <\/label>\r\n    <input type=\"text\" id=\"field_jaehy83\" name=\"item_meta[10]\" value=\"\"  placeholder=\"Email\" data-reqmsg=\"Este campo es obligatorio.\" aria-required=\"true\" data-invmsg=\"Email no es v\u00e1lido\" aria-invalid=\"false\"  \/>\r\n    \r\n    \r\n<\/div>\n<div id=\"frm_field_11_container\" class=\"frm_form_field form-field  frm_none_container frm_full\">\r\n    <label for=\"field_cqpguu3\" class=\"frm_primary_label\">Phone\r\n        <span class=\"frm_required\"><\/span>\r\n    <\/label>\r\n    <input type=\"text\" id=\"field_cqpguu3\" name=\"item_meta[11]\" value=\"\"  placeholder=\"Tel\u00e8fon\" data-invmsg=\"Phone no es v\u00e1lido\" aria-invalid=\"false\"  \/>\r\n    \r\n    \r\n<\/div>\n<div id=\"frm_field_13_container\" class=\"frm_form_field form-field  frm_required_field frm_none_container frm_full\">\r\n    <label for=\"field_kggkvh3\" class=\"frm_primary_label\">Missatge\r\n        <span class=\"frm_required\">*<\/span>\r\n    <\/label>\r\n    <textarea name=\"item_meta[13]\" id=\"field_kggkvh3\" rows=\"5\"  placeholder=\"Missatge\" data-reqmsg=\"Este campo es obligatorio.\" aria-required=\"true\" data-invmsg=\"Missatge no es v\u00e1lido\" aria-invalid=\"false\"  ><\/textarea>\r\n    \r\n    \r\n<\/div>\n<div id=\"frm_field_80_container\" class=\"frm_form_field form-field  frm_top_container vertical_radio\">\n    <div  id=\"field_4zhvm_label\" class=\"frm_primary_label\">Accepto la pol\u00edtica de privacitat\n        <span class=\"frm_required\"><\/span>\n    <\/div>\n    <div class=\"frm_opt_container\" aria-labelledby=\"field_4zhvm_label\" role=\"group\">\t\t<div class=\"frm_checkbox\" id=\"frm_checkbox_80-0\">\t\t\t<label  for=\"field_4zhvm-0\">\n\t\t\t<input type=\"checkbox\" name=\"item_meta[80][]\" id=\"field_4zhvm-0\" value=\"Accepto\"  data-invmsg=\"Accepto la pol\u00edtica de privacitat no es v\u00e1lido\"   \/> Accepto<\/label><\/div>\n<\/div>\n    \n    \n<\/div>\n<div id=\"frm_field_82_container\" class=\"frm_form_field form-field \">\n\t<div class=\"frm_submit\">\r\n\r\n<input type=\"submit\" value=\"Enviar\"  \/>\r\n<img decoding=\"async\" class=\"frm_ajax_loading\" src=\"https:\/\/cangich.com\/wp-content\/plugins\/formidable\/images\/ajax_loader.gif\" alt=\"Sending\" style=\"visibility:hidden;\" \/>\r\n\r\n<\/div>\n<\/div>\n\t<input type=\"hidden\" name=\"item_key\" value=\"\" \/>\n\t\t\t<div id=\"frm_field_83_container\">\n\t\t\t<label for=\"field_5b2pu\" >\n\t\t\t\tSi eres humano, deja este campo en blanco.\t\t\t<\/label>\n\t\t\t<input  id=\"field_5b2pu\" type=\"text\" class=\"frm_form_field form-field frm_verify\" name=\"item_meta[83]\" value=\"\"  \/>\n\t\t<\/div>\n\t\t<input name=\"frm_state\" type=\"hidden\" value=\"IJdW\/LtUnOZx56QYfsYziR+2Zh7qrv2pQxD6aO3dBbo=\" \/><\/div>\n<\/fieldset>\n<\/div>\n<script type=\"text\/javascript\">var input = document.createElement('input');\n    input.setAttribute('type', 'hidden');\n    input.setAttribute('name', 'ct_checkjs_frm');\n    input.setAttribute('value', 'ccaa6f34a3508c13c676f495625cc9bd1d563a2412c57e7bda794ac3a07e30f2');\n    for (i = 0; i < document.forms.length; i++) {\n        if (typeof document.forms[i].id == 'string'){\n\t\t\tif(document.forms[i].id.search('form_contact3') != -1) {\n            document.forms[i].appendChild(input);\n\t\t\t}\n        }\n    }<\/script>\n\n<\/form>\n<\/div>\n\n\n","protected":false},"excerpt":{"rendered":"<p>Av\u00eds legal En compliment de la Llei 34\/2002, d&#8217;11 de juliol, de Serveis de la Societat de la Informaci\u00f3 i de Comer\u00e7 Electr\u00f2nic (LSSI-CE), l&#8217;empresa l&#8217;informa que \u00e9s titular del lloc web. D&#8217;acord amb l&#8217;exig\u00e8ncia de l&#8217;article 10 de la &hellip; <a href=\"https:\/\/cangich.com\/es\/aviso-legal\/\">Read More<\/a><\/p>\n","protected":false},"author":1,"featured_media":0,"parent":0,"menu_order":0,"comment_status":"closed","ping_status":"closed","template":"template-page-builder-no-header-footer.php","meta":{"_monsterinsights_skip_tracking":false,"_monsterinsights_sitenote_active":false,"_monsterinsights_sitenote_note":"","_monsterinsights_sitenote_category":0,"footnotes":""},"class_list":["post-6075","page","type-page","status-publish","hentry"],"yoast_head":"<!-- This site is optimized with the Yoast SEO plugin v27.2 - https:\/\/yoast.com\/product\/yoast-seo-wordpress\/ -->\n<title>Aviso legal - Can Gich<\/title>\n<meta name=\"robots\" content=\"index, follow, max-snippet:-1, max-image-preview:large, max-video-preview:-1\" \/>\n<link rel=\"canonical\" href=\"https:\/\/cangich.com\/es\/aviso-legal\/\" \/>\n<meta property=\"og:locale\" content=\"es_ES\" \/>\n<meta property=\"og:type\" content=\"article\" \/>\n<meta property=\"og:title\" content=\"Aviso legal - Can Gich\" \/>\n<meta property=\"og:description\" content=\"Av\u00eds legal En compliment de la Llei 34\/2002, d&#8217;11 de juliol, de Serveis de la Societat de la Informaci\u00f3 i de Comer\u00e7 Electr\u00f2nic (LSSI-CE), l&#8217;empresa l&#8217;informa que \u00e9s titular del lloc web. D&#8217;acord amb l&#8217;exig\u00e8ncia de l&#8217;article 10 de la &hellip; Read More\" \/>\n<meta property=\"og:url\" content=\"https:\/\/cangich.com\/es\/aviso-legal\/\" \/>\n<meta property=\"og:site_name\" content=\"Can Gich\" \/>\n<meta property=\"article:modified_time\" content=\"2025-02-06T13:04:34+00:00\" \/>\n<meta name=\"twitter:card\" content=\"summary_large_image\" \/>\n<meta name=\"twitter:label1\" content=\"Tiempo de lectura\" \/>\n\t<meta name=\"twitter:data1\" content=\"6 minutos\" \/>\n<script type=\"application\/ld+json\" class=\"yoast-schema-graph\">{\"@context\":\"https:\/\/schema.org\",\"@graph\":[{\"@type\":\"WebPage\",\"@id\":\"https:\/\/cangich.com\/es\/aviso-legal\/\",\"url\":\"https:\/\/cangich.com\/es\/aviso-legal\/\",\"name\":\"Aviso legal - Can Gich\",\"isPartOf\":{\"@id\":\"https:\/\/cangich.com\/#website\"},\"datePublished\":\"2025-01-23T11:13:43+00:00\",\"dateModified\":\"2025-02-06T13:04:34+00:00\",\"breadcrumb\":{\"@id\":\"https:\/\/cangich.com\/es\/aviso-legal\/#breadcrumb\"},\"inLanguage\":\"es\",\"potentialAction\":[{\"@type\":\"ReadAction\",\"target\":[\"https:\/\/cangich.com\/es\/aviso-legal\/\"]}]},{\"@type\":\"BreadcrumbList\",\"@id\":\"https:\/\/cangich.com\/es\/aviso-legal\/#breadcrumb\",\"itemListElement\":[{\"@type\":\"ListItem\",\"position\":1,\"name\":\"Portada\",\"item\":\"https:\/\/cangich.com\/es\/\"},{\"@type\":\"ListItem\",\"position\":2,\"name\":\"Aviso legal\"}]},{\"@type\":\"WebSite\",\"@id\":\"https:\/\/cangich.com\/#website\",\"url\":\"https:\/\/cangich.com\/\",\"name\":\"Can Gich\",\"description\":\"Cicloturisme i natura\",\"potentialAction\":[{\"@type\":\"SearchAction\",\"target\":{\"@type\":\"EntryPoint\",\"urlTemplate\":\"https:\/\/cangich.com\/?s={search_term_string}\"},\"query-input\":{\"@type\":\"PropertyValueSpecification\",\"valueRequired\":true,\"valueName\":\"search_term_string\"}}],\"inLanguage\":\"es\"}]}<\/script>\n<!-- \/ Yoast SEO plugin. -->","yoast_head_json":{"title":"Aviso legal - Can Gich","robots":{"index":"index","follow":"follow","max-snippet":"max-snippet:-1","max-image-preview":"max-image-preview:large","max-video-preview":"max-video-preview:-1"},"canonical":"https:\/\/cangich.com\/es\/aviso-legal\/","og_locale":"es_ES","og_type":"article","og_title":"Aviso legal - Can Gich","og_description":"Av\u00eds legal En compliment de la Llei 34\/2002, d&#8217;11 de juliol, de Serveis de la Societat de la Informaci\u00f3 i de Comer\u00e7 Electr\u00f2nic (LSSI-CE), l&#8217;empresa l&#8217;informa que \u00e9s titular del lloc web. D&#8217;acord amb l&#8217;exig\u00e8ncia de l&#8217;article 10 de la &hellip; Read More","og_url":"https:\/\/cangich.com\/es\/aviso-legal\/","og_site_name":"Can Gich","article_modified_time":"2025-02-06T13:04:34+00:00","twitter_card":"summary_large_image","twitter_misc":{"Tiempo de lectura":"6 minutos"},"schema":{"@context":"https:\/\/schema.org","@graph":[{"@type":"WebPage","@id":"https:\/\/cangich.com\/es\/aviso-legal\/","url":"https:\/\/cangich.com\/es\/aviso-legal\/","name":"Aviso legal - Can Gich","isPartOf":{"@id":"https:\/\/cangich.com\/#website"},"datePublished":"2025-01-23T11:13:43+00:00","dateModified":"2025-02-06T13:04:34+00:00","breadcrumb":{"@id":"https:\/\/cangich.com\/es\/aviso-legal\/#breadcrumb"},"inLanguage":"es","potentialAction":[{"@type":"ReadAction","target":["https:\/\/cangich.com\/es\/aviso-legal\/"]}]},{"@type":"BreadcrumbList","@id":"https:\/\/cangich.com\/es\/aviso-legal\/#breadcrumb","itemListElement":[{"@type":"ListItem","position":1,"name":"Portada","item":"https:\/\/cangich.com\/es\/"},{"@type":"ListItem","position":2,"name":"Aviso legal"}]},{"@type":"WebSite","@id":"https:\/\/cangich.com\/#website","url":"https:\/\/cangich.com\/","name":"Can Gich","description":"Cicloturisme i natura","potentialAction":[{"@type":"SearchAction","target":{"@type":"EntryPoint","urlTemplate":"https:\/\/cangich.com\/?s={search_term_string}"},"query-input":{"@type":"PropertyValueSpecification","valueRequired":true,"valueName":"search_term_string"}}],"inLanguage":"es"}]}},"_links":{"self":[{"href":"https:\/\/cangich.com\/es\/wp-json\/wp\/v2\/pages\/6075","targetHints":{"allow":["GET"]}}],"collection":[{"href":"https:\/\/cangich.com\/es\/wp-json\/wp\/v2\/pages"}],"about":[{"href":"https:\/\/cangich.com\/es\/wp-json\/wp\/v2\/types\/page"}],"author":[{"embeddable":true,"href":"https:\/\/cangich.com\/es\/wp-json\/wp\/v2\/users\/1"}],"replies":[{"embeddable":true,"href":"https:\/\/cangich.com\/es\/wp-json\/wp\/v2\/comments?post=6075"}],"version-history":[{"count":1,"href":"https:\/\/cangich.com\/es\/wp-json\/wp\/v2\/pages\/6075\/revisions"}],"predecessor-version":[{"id":6079,"href":"https:\/\/cangich.com\/es\/wp-json\/wp\/v2\/pages\/6075\/revisions\/6079"}],"wp:attachment":[{"href":"https:\/\/cangich.com\/es\/wp-json\/wp\/v2\/media?parent=6075"}],"curies":[{"name":"wp","href":"https:\/\/api.w.org\/{rel}","templated":true}]}}