{"id":6087,"date":"2025-01-23T11:12:21","date_gmt":"2025-01-23T11:12:21","guid":{"rendered":"https:\/\/cangich.com\/?page_id=6087"},"modified":"2025-02-12T13:27:34","modified_gmt":"2025-02-12T13:27:34","slug":"filosofia","status":"publish","type":"page","link":"https:\/\/cangich.com\/es\/filosofia\/","title":{"rendered":"Filosof\u00eda"},"content":{"rendered":"\n<h1>\n\t\tFILOSOFIA\n\t<\/h1>\n\t<p>Natura, esport i ambient familiar<\/p>\n<h2>\n\t\tEL NOSTRE SOMNI\n\t<\/h2>\n\t<p>Hola, som la Laura i el Jordi i volem compartir la nostra hist\u00f2ria amb vosaltres. Tot i que hem nascut, crescut i format la nostra fam\u00edlia a la ciutat de Barcelona, de la qual ens enamora el seu tarann\u00e0, sempre hav\u00edem imaginat una vida al camp.<\/p>\n\tDurant molts anys ha estat nom\u00e9s una il\u00b7lusi\u00f3. Per\u00f2 ara us podem donar la benvinguda a Can Gich, el nostre somni fet realitat. He sigut infermera a la UCI durant m\u00e9s de 20 anys i al 2019 vaig decidir trencar amb el meu petit i c\u00f2mode m\u00f3n a la ciutat. Fa uns mesos la idea d&#8217;anar a viure al camp es va comen\u00e7ar a fer gran i cada vegada ressonava m\u00e9s fort en el meu interior, imaginant els espais, les experi\u00e8ncies i sobretot la vida que els donar\u00edem a les nostres filles Ona i Laia en un espai natural, envoltat d&#8217;arbres, aire pur, de connexi\u00f3 amb la natura i amb una atenci\u00f3 de qualitat, com es mereixen.<br \/>\nI aix\u00ed ha estat com finalment he decidit entregar-me a aquest nou projecte, amb l&#8217;objectiu de crear un espai on connectar amb la natura, compartir i gaudir&#8230; A Can Gich hem creat una llar que comparteix els nostres valors, l&#8217;estima per la m\u00fasica, l&#8217;esport de muntanya, la bici i el running i el bon menjar. En definitiva, un espai on celebrem la vida. Benvinguts\/des a Can Gich, un espai fet amb molta il\u00b7lusi\u00f3 i una dosi extra dosi de felicitat i estima. Endavant, la porta es oberta.\n<h2>\n\t\t<a href=\"https:\/\/cangich.com\/espais-exteriors\/\" title=\"Exteriors\" target=\"_self\">\n\t\tExteriors\n\t\t<\/a>\n\t<\/h2>\n<h2>\n\t\t<a href=\"https:\/\/cangich.com\/espais-interiors\/\" title=\"Interiors\" target=\"_self\">\n\t\tInteriors\n\t\t<\/a>\n\t<\/h2>\n<h2>\n\t\tSOM AMANTS DE LA BICICLETA\n\t<\/h2>\n\t<h4>T&#8217;ajudarem a descobrir els millors racons a cop de pedal<\/h4>\n\t\t\t<a href=\"https:\/\/cangich.com\/cicloturisme\" target=\"_self\">\n\t\t\t\t\t\t\tM\u00e9s info\n\t\t\t\t\t<\/a>\n<h2>\n\t\tCONTACTE\n\t<\/h2>\n\t<p>Si tens qualsevol pregunta, no dubtis en fer-la.<\/p>\n\t<div class=\"frm_forms  with_frm_style frm_style_formidable-style\" id=\"frm_form_3_container\" >\n<form enctype=\"multipart\/form-data\" method=\"post\" class=\"frm-show-form \" id=\"form_contact3\" >\n<div class=\"frm_form_fields \">\n<fieldset>\n\r\n<div class=\"frm_fields_container\">\n<input type=\"hidden\" name=\"frm_action\" value=\"create\" \/>\n<input type=\"hidden\" name=\"form_id\" value=\"3\" \/>\n<input type=\"hidden\" name=\"frm_hide_fields_3\" id=\"frm_hide_fields_3\" value=\"\" \/>\n<input type=\"hidden\" name=\"form_key\" value=\"contact3\" \/>\n<input type=\"hidden\" name=\"item_meta[0]\" value=\"\" \/>\n<input type=\"hidden\" id=\"frm_submit_entry_3\" name=\"frm_submit_entry_3\" value=\"5e4d40fa55\" \/><input type=\"hidden\" name=\"_wp_http_referer\" value=\"\/es\/wp-json\/wp\/v2\/pages\/6087\" \/><div id=\"frm_field_9_container\" class=\"frm_form_field form-field  frm_required_field frm_none_container frm_full\">\r\n    <label for=\"field_xipbjr3\" class=\"frm_primary_label\">Name\r\n        <span class=\"frm_required\">*<\/span>\r\n    <\/label>\r\n    <input type=\"text\" id=\"field_xipbjr3\" name=\"item_meta[9]\" value=\"\"  placeholder=\"Nom\" data-reqmsg=\"Este campo es obligatorio\" aria-required=\"true\" data-invmsg=\"Name no es v\u00e1lido\" aria-invalid=\"false\"  \/>\r\n    \r\n    \r\n<\/div>\n<div id=\"frm_field_10_container\" class=\"frm_form_field form-field  frm_required_field frm_none_container frm_full\">\r\n    <label for=\"field_jaehy83\" class=\"frm_primary_label\">Email\r\n        <span class=\"frm_required\">*<\/span>\r\n    <\/label>\r\n    <input type=\"text\" id=\"field_jaehy83\" name=\"item_meta[10]\" value=\"\"  placeholder=\"Email\" data-reqmsg=\"Este campo es obligatorio.\" aria-required=\"true\" data-invmsg=\"Email no es v\u00e1lido\" aria-invalid=\"false\"  \/>\r\n    \r\n    \r\n<\/div>\n<div id=\"frm_field_11_container\" class=\"frm_form_field form-field  frm_none_container frm_full\">\r\n    <label for=\"field_cqpguu3\" class=\"frm_primary_label\">Phone\r\n        <span class=\"frm_required\"><\/span>\r\n    <\/label>\r\n    <input type=\"text\" id=\"field_cqpguu3\" name=\"item_meta[11]\" value=\"\"  placeholder=\"Tel\u00e8fon\" data-invmsg=\"Phone no es v\u00e1lido\" aria-invalid=\"false\"  \/>\r\n    \r\n    \r\n<\/div>\n<div id=\"frm_field_13_container\" class=\"frm_form_field form-field  frm_required_field frm_none_container frm_full\">\r\n    <label for=\"field_kggkvh3\" class=\"frm_primary_label\">Missatge\r\n        <span class=\"frm_required\">*<\/span>\r\n    <\/label>\r\n    <textarea name=\"item_meta[13]\" id=\"field_kggkvh3\" rows=\"5\"  placeholder=\"Missatge\" data-reqmsg=\"Este campo es obligatorio.\" aria-required=\"true\" data-invmsg=\"Missatge no es v\u00e1lido\" aria-invalid=\"false\"  ><\/textarea>\r\n    \r\n    \r\n<\/div>\n<div id=\"frm_field_80_container\" class=\"frm_form_field form-field  frm_top_container vertical_radio\">\n    <div  id=\"field_4zhvm_label\" class=\"frm_primary_label\">Accepto la pol\u00edtica de privacitat\n        <span class=\"frm_required\"><\/span>\n    <\/div>\n    <div class=\"frm_opt_container\" aria-labelledby=\"field_4zhvm_label\" role=\"group\">\t\t<div class=\"frm_checkbox\" id=\"frm_checkbox_80-0\">\t\t\t<label  for=\"field_4zhvm-0\">\n\t\t\t<input type=\"checkbox\" name=\"item_meta[80][]\" id=\"field_4zhvm-0\" value=\"Accepto\"  data-invmsg=\"Accepto la pol\u00edtica de privacitat no es v\u00e1lido\"   \/> Accepto<\/label><\/div>\n<\/div>\n    \n    \n<\/div>\n<div id=\"frm_field_82_container\" class=\"frm_form_field form-field \">\n\t<div class=\"frm_submit\">\r\n\r\n<input type=\"submit\" value=\"Enviar\"  \/>\r\n<img decoding=\"async\" class=\"frm_ajax_loading\" src=\"https:\/\/cangich.com\/wp-content\/plugins\/formidable\/images\/ajax_loader.gif\" alt=\"Sending\" style=\"visibility:hidden;\" \/>\r\n\r\n<\/div>\n<\/div>\n\t<input type=\"hidden\" name=\"item_key\" value=\"\" \/>\n\t\t\t<div id=\"frm_field_83_container\">\n\t\t\t<label for=\"field_7c8lf\" >\n\t\t\t\tSi eres humano, deja este campo en blanco.\t\t\t<\/label>\n\t\t\t<input  id=\"field_7c8lf\" type=\"text\" class=\"frm_form_field form-field frm_verify\" name=\"item_meta[83]\" value=\"\"  \/>\n\t\t<\/div>\n\t\t<input name=\"frm_state\" type=\"hidden\" value=\"IJdW\/LtUnOZx56QYfsYziR+2Zh7qrv2pQxD6aO3dBbo=\" \/><\/div>\n<\/fieldset>\n<\/div>\n<script type=\"text\/javascript\">var input = document.createElement('input');\n    input.setAttribute('type', 'hidden');\n    input.setAttribute('name', 'ct_checkjs_frm');\n    input.setAttribute('value', 'ccaa6f34a3508c13c676f495625cc9bd1d563a2412c57e7bda794ac3a07e30f2');\n    for (i = 0; i < document.forms.length; i++) {\n        if (typeof document.forms[i].id == 'string'){\n\t\t\tif(document.forms[i].id.search('form_contact3') != -1) {\n            document.forms[i].appendChild(input);\n\t\t\t}\n        }\n    }<\/script>\n\n<\/form>\n<\/div>\n\n\n","protected":false},"excerpt":{"rendered":"<p>FILOSOFIA Natura, esport i ambient familiar EL NOSTRE SOMNI Hola, som la Laura i el Jordi i volem compartir la nostra hist\u00f2ria amb vosaltres. Tot i que hem nascut, crescut i format la nostra fam\u00edlia a la ciutat de Barcelona, &hellip; <a href=\"https:\/\/cangich.com\/es\/filosofia\/\">Read More<\/a><\/p>\n","protected":false},"author":1,"featured_media":0,"parent":0,"menu_order":0,"comment_status":"closed","ping_status":"closed","template":"template-page-builder-no-header-footer.php","meta":{"_monsterinsights_skip_tracking":false,"_monsterinsights_sitenote_active":false,"_monsterinsights_sitenote_note":"","_monsterinsights_sitenote_category":0,"footnotes":""},"class_list":["post-6087","page","type-page","status-publish","hentry"],"yoast_head":"<!-- This site is optimized with the Yoast SEO plugin v27.2 - https:\/\/yoast.com\/product\/yoast-seo-wordpress\/ -->\n<title>Filosof\u00eda - Can Gich<\/title>\n<meta name=\"description\" content=\"Nuestra filosof\u00eda es la de crear un espacio para que te sientas como en casa. Disfrutamos del ambiente familiar, la naturaleza y el deporte, sobre todo el ciclismo.\" \/>\n<meta name=\"robots\" content=\"index, follow, max-snippet:-1, max-image-preview:large, max-video-preview:-1\" \/>\n<link rel=\"canonical\" href=\"https:\/\/cangich.com\/filosofia\/\" \/>\n<meta property=\"og:locale\" content=\"es_ES\" \/>\n<meta property=\"og:type\" content=\"article\" \/>\n<meta property=\"og:title\" content=\"Filosof\u00eda - Can Gich\" \/>\n<meta property=\"og:description\" content=\"Nuestra filosof\u00eda es la de crear un espacio para que te sientas como en casa. Disfrutamos del ambiente familiar, la naturaleza y el deporte, sobre todo el ciclismo.\" \/>\n<meta property=\"og:url\" content=\"https:\/\/cangich.com\/filosofia\/\" \/>\n<meta property=\"og:site_name\" content=\"Can Gich\" \/>\n<meta property=\"article:modified_time\" content=\"2025-02-12T13:27:34+00:00\" \/>\n<meta name=\"twitter:card\" content=\"summary_large_image\" \/>\n<meta name=\"twitter:label1\" content=\"Tiempo de lectura\" \/>\n\t<meta name=\"twitter:data1\" content=\"2 minutos\" \/>\n<script type=\"application\/ld+json\" class=\"yoast-schema-graph\">{\"@context\":\"https:\/\/schema.org\",\"@graph\":[{\"@type\":\"WebPage\",\"@id\":\"https:\/\/cangich.com\/filosofia\/\",\"url\":\"https:\/\/cangich.com\/filosofia\/\",\"name\":\"Filosof\u00eda - Can Gich\",\"isPartOf\":{\"@id\":\"https:\/\/cangich.com\/#website\"},\"datePublished\":\"2025-01-23T11:12:21+00:00\",\"dateModified\":\"2025-02-12T13:27:34+00:00\",\"description\":\"Nuestra filosof\u00eda es la de crear un espacio para que te sientas como en casa. Disfrutamos del ambiente familiar, la naturaleza y el deporte, sobre todo el ciclismo.\",\"breadcrumb\":{\"@id\":\"https:\/\/cangich.com\/filosofia\/#breadcrumb\"},\"inLanguage\":\"es\",\"potentialAction\":[{\"@type\":\"ReadAction\",\"target\":[\"https:\/\/cangich.com\/filosofia\/\"]}]},{\"@type\":\"BreadcrumbList\",\"@id\":\"https:\/\/cangich.com\/filosofia\/#breadcrumb\",\"itemListElement\":[{\"@type\":\"ListItem\",\"position\":1,\"name\":\"Portada\",\"item\":\"https:\/\/cangich.com\/es\/\"},{\"@type\":\"ListItem\",\"position\":2,\"name\":\"Filosof\u00eda\"}]},{\"@type\":\"WebSite\",\"@id\":\"https:\/\/cangich.com\/#website\",\"url\":\"https:\/\/cangich.com\/\",\"name\":\"Can Gich\",\"description\":\"Cicloturisme i natura\",\"potentialAction\":[{\"@type\":\"SearchAction\",\"target\":{\"@type\":\"EntryPoint\",\"urlTemplate\":\"https:\/\/cangich.com\/?s={search_term_string}\"},\"query-input\":{\"@type\":\"PropertyValueSpecification\",\"valueRequired\":true,\"valueName\":\"search_term_string\"}}],\"inLanguage\":\"es\"}]}<\/script>\n<!-- \/ Yoast SEO plugin. -->","yoast_head_json":{"title":"Filosof\u00eda - Can Gich","description":"Nuestra filosof\u00eda es la de crear un espacio para que te sientas como en casa. Disfrutamos del ambiente familiar, la naturaleza y el deporte, sobre todo el ciclismo.","robots":{"index":"index","follow":"follow","max-snippet":"max-snippet:-1","max-image-preview":"max-image-preview:large","max-video-preview":"max-video-preview:-1"},"canonical":"https:\/\/cangich.com\/filosofia\/","og_locale":"es_ES","og_type":"article","og_title":"Filosof\u00eda - Can Gich","og_description":"Nuestra filosof\u00eda es la de crear un espacio para que te sientas como en casa. Disfrutamos del ambiente familiar, la naturaleza y el deporte, sobre todo el ciclismo.","og_url":"https:\/\/cangich.com\/filosofia\/","og_site_name":"Can Gich","article_modified_time":"2025-02-12T13:27:34+00:00","twitter_card":"summary_large_image","twitter_misc":{"Tiempo de lectura":"2 minutos"},"schema":{"@context":"https:\/\/schema.org","@graph":[{"@type":"WebPage","@id":"https:\/\/cangich.com\/filosofia\/","url":"https:\/\/cangich.com\/filosofia\/","name":"Filosof\u00eda - Can Gich","isPartOf":{"@id":"https:\/\/cangich.com\/#website"},"datePublished":"2025-01-23T11:12:21+00:00","dateModified":"2025-02-12T13:27:34+00:00","description":"Nuestra filosof\u00eda es la de crear un espacio para que te sientas como en casa. Disfrutamos del ambiente familiar, la naturaleza y el deporte, sobre todo el ciclismo.","breadcrumb":{"@id":"https:\/\/cangich.com\/filosofia\/#breadcrumb"},"inLanguage":"es","potentialAction":[{"@type":"ReadAction","target":["https:\/\/cangich.com\/filosofia\/"]}]},{"@type":"BreadcrumbList","@id":"https:\/\/cangich.com\/filosofia\/#breadcrumb","itemListElement":[{"@type":"ListItem","position":1,"name":"Portada","item":"https:\/\/cangich.com\/es\/"},{"@type":"ListItem","position":2,"name":"Filosof\u00eda"}]},{"@type":"WebSite","@id":"https:\/\/cangich.com\/#website","url":"https:\/\/cangich.com\/","name":"Can Gich","description":"Cicloturisme i natura","potentialAction":[{"@type":"SearchAction","target":{"@type":"EntryPoint","urlTemplate":"https:\/\/cangich.com\/?s={search_term_string}"},"query-input":{"@type":"PropertyValueSpecification","valueRequired":true,"valueName":"search_term_string"}}],"inLanguage":"es"}]}},"_links":{"self":[{"href":"https:\/\/cangich.com\/es\/wp-json\/wp\/v2\/pages\/6087","targetHints":{"allow":["GET"]}}],"collection":[{"href":"https:\/\/cangich.com\/es\/wp-json\/wp\/v2\/pages"}],"about":[{"href":"https:\/\/cangich.com\/es\/wp-json\/wp\/v2\/types\/page"}],"author":[{"embeddable":true,"href":"https:\/\/cangich.com\/es\/wp-json\/wp\/v2\/users\/1"}],"replies":[{"embeddable":true,"href":"https:\/\/cangich.com\/es\/wp-json\/wp\/v2\/comments?post=6087"}],"version-history":[{"count":1,"href":"https:\/\/cangich.com\/es\/wp-json\/wp\/v2\/pages\/6087\/revisions"}],"predecessor-version":[{"id":6090,"href":"https:\/\/cangich.com\/es\/wp-json\/wp\/v2\/pages\/6087\/revisions\/6090"}],"wp:attachment":[{"href":"https:\/\/cangich.com\/es\/wp-json\/wp\/v2\/media?parent=6087"}],"curies":[{"name":"wp","href":"https:\/\/api.w.org\/{rel}","templated":true}]}}