{"id":6190,"date":"2025-01-23T11:13:07","date_gmt":"2025-01-23T11:13:07","guid":{"rendered":"https:\/\/cangich.com\/?page_id=6190"},"modified":"2025-02-12T11:12:31","modified_gmt":"2025-02-12T11:12:31","slug":"espacios-exteriores","status":"publish","type":"page","link":"https:\/\/cangich.com\/es\/espacios-exteriores\/","title":{"rendered":"Espacios Exteriores"},"content":{"rendered":"\n<h1>\n\t\tESPAIS EXTERIORS\n\t<\/h1>\n\t<style id=\"wp_carousel_dynamic_css6419\">.sp-wp-carousel-free-id-6419.wpcf-fancybox-wrapper .fancybox-bg{background: #0b0b0b;opacity: 0.8;}.sp-wp-carousel-free-id-6419.wpcf-fancybox-wrapper .fancybox-navigation .fancybox-button .wpcp-fancybox-nav-arrow i {color: #ccc;}.sp-wp-carousel-free-id-6419.wpcf-fancybox-wrapper .fancybox-navigation .fancybox-button .wpcp-fancybox-nav-arrow i:hover {color: #fff;}.sp-wp-carousel-free-id-6419.wpcf-fancybox-wrapper .fancybox-navigation .fancybox-button {background: #1e1e1e;}.sp-wp-carousel-free-id-6419.wpcf-fancybox-wrapper .fancybox-navigation .fancybox-button:hover {background: #1e1e1e;}#sp-wp-carousel-free-id-6419 .wpcp-swiper-dots {margin: 40px 0px 0px 0px;}.wpcp-wrapper-6419 .swiper-wrapper .swiper-slide-kenburn, .wpcp-wrapper-6419 .swiper-wrapper, .wpcp-wrapper-6419 .wpcpro-row{align-items: center;}#sp-wp-carousel-free-id-6419 .wpcp-single-item {box-shadow: 0px 0px 0px 0px #dddddd;transition: all .3s;margin: 0px;}#sp-wp-carousel-free-id-6419.swiper-flip .wpcp-single-item{margin: 0!important;}#sp-wp-carousel-free-id-6419 .wpcp-single-item:hover {box-shadow: 0px 0px 0px 0px #dddddd;}#sp-wp-carousel-free-id-6419.sp-wpcp-6419 .wpcp-single-item {border: 1px none #dddddd;}#sp-wp-carousel-free-id-6419.nav-vertical-center {padding: 0;margin:0;}@media screen and (max-width: 479px) {#sp-wp-carousel-free-id-6419.nav-vertical-center {padding: 0;margin:0;}#sp-wp-carousel-free-id-6419.nav-vertical-center .wpcp-next-button,#sp-wp-carousel-free-id-6419.nav-vertical-center .wpcp-prev-button {display: none;}}#sp-wp-carousel-free-id-6419 .wpcpro-row>[class*=\"wpcpro-col-\"] { padding: 0 0px; padding-bottom: 0px;} #sp-wp-carousel-free-id-6419 .swiper-slide .single-item-fade:not(:last-child) { margin-right: 0px;}@media (min-width: 480px) { .wpcpro-row .wpcpro-col-sm-1 { flex: 0 0 100%; max-width: 100%; } .wpcpro-row .wpcpro-col-sm-2 { flex: 0 0 50%; max-width: 50%; } .wpcpro-row .wpcpro-col-sm-2-5 { flex: 0 0 75%; max-width: 75%; } .wpcpro-row .wpcpro-col-sm-3 { flex: 0 0 33.333%; max-width: 33.333%; } .wpcpro-row .wpcpro-col-sm-4 { flex: 0 0 25%; max-width: 25%; } .wpcpro-row .wpcpro-col-sm-5 { flex: 0 0 20%; max-width: 20%; } .wpcpro-row .wpcpro-col-sm-6 { flex: 0 0 16.66666666666667%; max-width: 16.66666666666667%; } .wpcpro-row .wpcpro-col-sm-7 { flex: 0 0 14.28571428%; max-width: 14.28571428%; } .wpcpro-row .wpcpro-col-sm-8 { flex: 0 0 12.5%; max-width: 12.5%; } } @media (max-width: 480px) { .wpcpro-row .wpcpro-col-xs-1 { flex: 0 0 100%; max-width: 100%; } .wpcpro-row .wpcpro-col-xs-2 { flex: 0 0 50%; max-width: 50%; } .wpcpro-row .wpcpro-col-xs-3 { flex: 0 0 33.222%; max-width: 33.222%; } .wpcpro-row .wpcpro-col-xs-4 { flex: 0 0 25%; max-width: 25%; } .wpcpro-row .wpcpro-col-xs-5 { flex: 0 0 20%; max-width: 20%; } .wpcpro-row .wpcpro-col-xs-6 { flex: 0 0 16.6667%; max-width: 16.6667%; } .wpcpro-row .wpcpro-col-xs-7 { flex: 0 0 14.28571428%; max-width: 14.28571428%; } .wpcpro-row .wpcpro-col-xs-8 { flex: 0 0 12.5%; max-width: 12.5%; } } @media (min-width: 736px) { .wpcpro-row .wpcpro-col-md-1 { flex: 0 0 100%; max-width: 100%; } .wpcpro-row .wpcpro-col-md-2 { flex: 0 0 50%; max-width: 50%; } .wpcpro-row .wpcpro-col-md-2-5 { flex: 0 0 75%; max-width: 75%; } .wpcpro-row .wpcpro-col-md-3 { flex: 0 0 33.333%; max-width: 33.333%; } .wpcpro-row .wpcpro-col-md-4 { flex: 0 0 25%; max-width: 25%; } .wpcpro-row .wpcpro-col-md-5 { flex: 0 0 20%; max-width: 20%; } .wpcpro-row .wpcpro-col-md-6 { flex: 0 0 16.66666666666667%; max-width: 16.66666666666667%; } .wpcpro-row .wpcpro-col-md-7 { flex: 0 0 14.28571428%; max-width: 14.28571428%; } .wpcpro-row .wpcpro-col-md-8 { flex: 0 0 12.5%; max-width: 12.5%; } } @media (min-width: 980px) { .wpcpro-row .wpcpro-col-lg-1 { flex: 0 0 100%; max-width: 100%; } .wpcpro-row .wpcpro-col-lg-2 { flex: 0 0 50%; max-width: 50%; } .wpcpro-row .wpcpro-col-lg-3 { flex: 0 0 33.222%; max-width: 33.222%; } .wpcpro-row .wpcpro-col-lg-4 { flex: 0 0 25%; max-width: 25%; } .wpcpro-row .wpcpro-col-lg-5 { flex: 0 0 20%; max-width: 20%; } .wpcpro-row .wpcpro-col-lg-6 { flex: 0 0 16.6667%; max-width: 16.6667%; } .wpcpro-row .wpcpro-col-lg-7 { flex: 0 0 14.28571428%; max-width: 14.28571428%; } .wpcpro-row .wpcpro-col-lg-8 { flex: 0 0 12.5%; max-width: 12.5%; } } @media (min-width: 1200px) { .wpcpro-row .wpcpro-col-xl-1 { flex: 0 0 100%; max-width: 100%; } .wpcpro-row .wpcpro-col-xl-2 { flex: 0 0 50%; max-width: 50%; } .wpcpro-row .wpcpro-col-xl-3 { flex: 0 0 33.22222222%; max-width: 33.22222222%; } .wpcpro-row .wpcpro-col-xl-4 { flex: 0 0 25%; max-width: 25%; } .wpcpro-row .wpcpro-col-xl-5 { flex: 0 0 20%; max-width: 20%; } .wpcpro-row .wpcpro-col-xl-6 { flex: 0 0 16.66667%; max-width: 16.66667%; } .wpcpro-row .wpcpro-col-xl-7 { flex: 0 0 14.28571428%; max-width: 14.28571428%; } .wpcpro-row .wpcpro-col-xl-8 { flex: 0 0 12.5%; max-width: 12.5%; } }<\/style><div class=\"wpcp-carousel-wrapper wpcp-wrapper-6419\">\n\t<div id=\"wpcp-preloader-6419\" class=\"wpcp-carousel-preloader\"><img decoding=\"async\" src=\"https:\/\/cangich.com\/wp-content\/plugins\/wp-carousel-free\/public\/css\/spinner.svg\" alt=\"Preloader Image\" \/><\/div>\t<div class=\"wpcp-carousel-content-wrapper\">\n\t<div id=\"sp-wp-carousel-free-id-6419\" class=\"wpcp-carousel-section sp-wpcp-6419  nav-vertical-center wpcp-image-carousel wpcp-preloader wpcp-standard\" data-swiper='{ &quot;pagination_type&quot;: &quot;dots&quot;,&quot;accessibility&quot;:true, &quot;spaceBetween&quot;:0, &quot;arrows&quot;:true, &quot;freeMode&quot;: false, &quot;autoplay&quot;:true, &quot;effect&quot;: &quot;&quot;, &quot;centerMode&quot;: false, &quot;autoplaySpeed&quot;:3000, &quot;dots&quot;:false, &quot;infinite&quot;:true, &quot;speed&quot;:600, &quot;pauseOnHover&quot;:true,\n\t\t\t&quot;slidesToShow&quot;:{&quot;lg_desktop&quot;:5, &quot;desktop&quot;: 4, &quot;laptop&quot;: 3, &quot;tablet&quot;: 2, &quot;mobile&quot;: 1}, &quot;responsive&quot;:{&quot;desktop&quot;:1200, &quot;laptop&quot;: 980, &quot;tablet&quot;: 736, &quot;mobile&quot;: 480}, &quot;rtl&quot;:false, &quot;lazyLoad&quot;: &quot;false&quot;, &quot;swipe&quot;: true, &quot;draggable&quot;: true, &quot;swipeToSlide&quot;:false }' dir=\"ltr\">\n\t\t<div class=\"swiper-wrapper\">\n\t\t<div class=\"swiper-slide\">\n\t<div class=\"wpcp-single-item\">\n\t\t\t<a class=\"wcp-light-box\" data-buttons='[\"close\"]' data-wpc_url='https:\/\/cangich.com\/wp-content\/uploads\/2020\/02\/Casa-Rural-Girona-Can-Gich-Natura-Piscina-605x465.jpg' href=\"https:\/\/cangich.com\/wp-content\/uploads\/2020\/02\/Casa-Rural-Girona-Can-Gich-Natura-Piscina.jpg\" data-fancybox=\"wpcp_view\">\n\t\t<figure>\n\t\t\t<img loading=\"lazy\" decoding=\"async\" class=\"skip-lazy\" src=\"https:\/\/cangich.com\/wp-content\/uploads\/2020\/02\/Casa-Rural-Girona-Can-Gich-Natura-Piscina-605x465.jpg\" alt=\"Casa Rural Girona Can Gich Natura Piscina\" width=\"605\" height=\"465\">\t\t<\/figure>\n\t<\/a>\n\t\t<\/div>\n<\/div>\n\t<div class=\"swiper-slide\">\n\t<div class=\"wpcp-single-item\">\n\t\t\t<a class=\"wcp-light-box\" data-buttons='[\"close\"]' data-wpc_url='https:\/\/cangich.com\/wp-content\/uploads\/2020\/02\/Senderismo-Trekking-Girona-Rural-House-Family-Can-Gich-605x465.jpg' href=\"https:\/\/cangich.com\/wp-content\/uploads\/2020\/02\/Senderismo-Trekking-Girona-Rural-House-Family-Can-Gich.jpg\" data-fancybox=\"wpcp_view\">\n\t\t<figure>\n\t\t\t<img loading=\"lazy\" decoding=\"async\" class=\"skip-lazy\" src=\"https:\/\/cangich.com\/wp-content\/uploads\/2020\/02\/Senderismo-Trekking-Girona-Rural-House-Family-Can-Gich-605x465.jpg\" alt=\"Senderismo Trekking Girona Rural House Family Can Gich\" width=\"605\" height=\"465\">\t\t<\/figure>\n\t<\/a>\n\t\t<\/div>\n<\/div>\n\t<div class=\"swiper-slide\">\n\t<div class=\"wpcp-single-item\">\n\t\t\t<a class=\"wcp-light-box\" data-buttons='[\"close\"]' data-wpc_url='https:\/\/cangich.com\/wp-content\/uploads\/2020\/04\/Rucs-Can-Gich-Casa-Rural-Familia-Girona-605x465.png' href=\"https:\/\/cangich.com\/wp-content\/uploads\/2020\/04\/Rucs-Can-Gich-Casa-Rural-Familia-Girona.png\" data-fancybox=\"wpcp_view\">\n\t\t<figure>\n\t\t\t<img loading=\"lazy\" decoding=\"async\" class=\"skip-lazy\" src=\"https:\/\/cangich.com\/wp-content\/uploads\/2020\/04\/Rucs-Can-Gich-Casa-Rural-Familia-Girona-605x465.png\" alt=\"Rucs-Can-Gich-Casa-Rural-Familia-Girona\" width=\"605\" height=\"465\">\t\t<\/figure>\n\t<\/a>\n\t\t<\/div>\n<\/div>\n\t<div class=\"swiper-slide\">\n\t<div class=\"wpcp-single-item\">\n\t\t\t<a class=\"wcp-light-box\" data-buttons='[\"close\"]' data-wpc_url='https:\/\/cangich.com\/wp-content\/uploads\/2020\/02\/x-01-Can-Gich-605x465.jpg' href=\"https:\/\/cangich.com\/wp-content\/uploads\/2020\/02\/x-01-Can-Gich.jpg\" data-fancybox=\"wpcp_view\">\n\t\t<figure>\n\t\t\t<img loading=\"lazy\" decoding=\"async\" class=\"skip-lazy\" src=\"https:\/\/cangich.com\/wp-content\/uploads\/2020\/02\/x-01-Can-Gich-605x465.jpg\" alt=\"x 01 Can Gich\" width=\"605\" height=\"465\">\t\t<\/figure>\n\t<\/a>\n\t\t<\/div>\n<\/div>\n\t<div class=\"swiper-slide\">\n\t<div class=\"wpcp-single-item\">\n\t\t\t<a class=\"wcp-light-box\" data-buttons='[\"close\"]' data-wpc_url='https:\/\/cangich.com\/wp-content\/uploads\/2020\/02\/Rutas-Verdes-Casa-Rural-Alquilar-Girona-Can-Gich-Piscina-605x465.jpg' href=\"https:\/\/cangich.com\/wp-content\/uploads\/2020\/02\/Rutas-Verdes-Casa-Rural-Alquilar-Girona-Can-Gich-Piscina.jpg\" data-fancybox=\"wpcp_view\">\n\t\t<figure>\n\t\t\t<img loading=\"lazy\" decoding=\"async\" class=\"skip-lazy\" src=\"https:\/\/cangich.com\/wp-content\/uploads\/2020\/02\/Rutas-Verdes-Casa-Rural-Alquilar-Girona-Can-Gich-Piscina-605x465.jpg\" alt=\"Rutas Verdes Casa Rural Alquilar Girona Can Gich Piscina\" width=\"605\" height=\"465\">\t\t<\/figure>\n\t<\/a>\n\t\t<\/div>\n<\/div>\n\t<div class=\"swiper-slide\">\n\t<div class=\"wpcp-single-item\">\n\t\t\t<a class=\"wcp-light-box\" data-buttons='[\"close\"]' data-wpc_url='https:\/\/cangich.com\/wp-content\/uploads\/2020\/02\/Rutas-verdes-Senderismo-Girona-Casa-Rural-Can-Gich-Alquiler-605x465.jpg' href=\"https:\/\/cangich.com\/wp-content\/uploads\/2020\/02\/Rutas-verdes-Senderismo-Girona-Casa-Rural-Can-Gich-Alquiler.jpg\" data-fancybox=\"wpcp_view\">\n\t\t<figure>\n\t\t\t<img loading=\"lazy\" decoding=\"async\" class=\"skip-lazy\" src=\"https:\/\/cangich.com\/wp-content\/uploads\/2020\/02\/Rutas-verdes-Senderismo-Girona-Casa-Rural-Can-Gich-Alquiler-605x465.jpg\" alt=\"Rutas verdes Senderismo Girona Casa Rural Can Gich Alquiler\" width=\"605\" height=\"465\">\t\t<\/figure>\n\t<\/a>\n\t\t<\/div>\n<\/div>\n\t<div class=\"swiper-slide\">\n\t<div class=\"wpcp-single-item\">\n\t\t\t<a class=\"wcp-light-box\" data-buttons='[\"close\"]' data-wpc_url='https:\/\/cangich.com\/wp-content\/uploads\/2019\/12\/Llenya-dels-nostres-arbres-605x465.jpg' href=\"https:\/\/cangich.com\/wp-content\/uploads\/2019\/12\/Llenya-dels-nostres-arbres.jpg\" data-fancybox=\"wpcp_view\">\n\t\t<figure>\n\t\t\t<img loading=\"lazy\" decoding=\"async\" class=\"skip-lazy\" src=\"https:\/\/cangich.com\/wp-content\/uploads\/2019\/12\/Llenya-dels-nostres-arbres-605x465.jpg\" alt=\"Llenya dels nostres arbres\" width=\"605\" height=\"465\">\t\t<\/figure>\n\t<\/a>\n\t\t<\/div>\n<\/div>\n\t<div class=\"swiper-slide\">\n\t<div class=\"wpcp-single-item\">\n\t\t\t<a class=\"wcp-light-box\" data-buttons='[\"close\"]' data-wpc_url='https:\/\/cangich.com\/wp-content\/uploads\/2019\/12\/La-Piscina-de-Can-Gich-605x465.jpg' href=\"https:\/\/cangich.com\/wp-content\/uploads\/2019\/12\/La-Piscina-de-Can-Gich.jpg\" data-fancybox=\"wpcp_view\">\n\t\t<figure>\n\t\t\t<img loading=\"lazy\" decoding=\"async\" class=\"skip-lazy\" src=\"https:\/\/cangich.com\/wp-content\/uploads\/2019\/12\/La-Piscina-de-Can-Gich-605x465.jpg\" alt=\"La Piscina de Can Gich\" width=\"605\" height=\"465\">\t\t<\/figure>\n\t<\/a>\n\t\t<\/div>\n<\/div>\n\t<div class=\"swiper-slide\">\n\t<div class=\"wpcp-single-item\">\n\t\t\t<a class=\"wcp-light-box\" data-buttons='[\"close\"]' data-wpc_url='https:\/\/cangich.com\/wp-content\/uploads\/2019\/12\/La-nostra-llenya-605x465.jpg' href=\"https:\/\/cangich.com\/wp-content\/uploads\/2019\/12\/La-nostra-llenya.jpg\" data-fancybox=\"wpcp_view\">\n\t\t<figure>\n\t\t\t<img loading=\"lazy\" decoding=\"async\" class=\"skip-lazy\" src=\"https:\/\/cangich.com\/wp-content\/uploads\/2019\/12\/La-nostra-llenya-605x465.jpg\" alt=\"La nostra llenya\" width=\"605\" height=\"465\">\t\t<\/figure>\n\t<\/a>\n\t\t<\/div>\n<\/div>\n\t<div class=\"swiper-slide\">\n\t<div class=\"wpcp-single-item\">\n\t\t\t<a class=\"wcp-light-box\" data-buttons='[\"close\"]' data-wpc_url='https:\/\/cangich.com\/wp-content\/uploads\/2020\/04\/Can-Gich-Casa-Rural-Piscina-Girona-Lloguer-605x465.png' href=\"https:\/\/cangich.com\/wp-content\/uploads\/2020\/04\/Can-Gich-Casa-Rural-Piscina-Girona-Lloguer.png\" data-fancybox=\"wpcp_view\">\n\t\t<figure>\n\t\t\t<img loading=\"lazy\" decoding=\"async\" class=\"skip-lazy\" src=\"https:\/\/cangich.com\/wp-content\/uploads\/2020\/04\/Can-Gich-Casa-Rural-Piscina-Girona-Lloguer-605x465.png\" alt=\"Can-Gich-Casa-Rural-Piscina-Girona-Lloguer\" width=\"605\" height=\"465\">\t\t<\/figure>\n\t<\/a>\n\t\t<\/div>\n<\/div>\n\t<div class=\"swiper-slide\">\n\t<div class=\"wpcp-single-item\">\n\t\t\t<a class=\"wcp-light-box\" data-buttons='[\"close\"]' data-wpc_url='https:\/\/cangich.com\/wp-content\/uploads\/2019\/12\/La-Nina-605x465.jpg' href=\"https:\/\/cangich.com\/wp-content\/uploads\/2019\/12\/La-Nina.jpg\" data-fancybox=\"wpcp_view\">\n\t\t<figure>\n\t\t\t<img loading=\"lazy\" decoding=\"async\" class=\"skip-lazy\" src=\"https:\/\/cangich.com\/wp-content\/uploads\/2019\/12\/La-Nina-605x465.jpg\" alt=\"La Nina\" width=\"605\" height=\"465\">\t\t<\/figure>\n\t<\/a>\n\t\t<\/div>\n<\/div>\n\t\t\t<\/div>\n\t\t\t\t<!-- If we need navigation buttons -->\n\t\t\t<\/div>\n\t<\/div>\n<\/div>\n\n<h1>\n\t\tUN ENTORN ACOLLIDOR\n\t<\/h1>\n\t<p>Gaudeix dels espais exteriors de Can Gich i relaxa&#8217;t en un entorn privilegiat de natura i calma. Llegeix mentre gaudeixes de la llar de foc, cuina una barbacoa a l&#8217;exterior amb carb\u00f3, gaudeix dels teus i refresca&#8217;t a la piscina durant el dies m\u00e9s calurosos. Juga i oblida la rutina. En resum, desconnecta de l&#8217;enrenou del dia a dia i connecta amb all\u00f2 que et fa sentir b\u00e9.<\/p>\n<h2>\n\t\t<a href=\"https:\/\/cangich.com\/espais-interiors\/\" title=\"Descobreix els interiors\"  target=\"_self\">\n\t\tDescobreix els interiors\n\t\t<\/a>\n\t<\/h2>\n<h1>\n\t\tGAUDEIX DE LA BICI\n\t<\/h1>\n<h1>\n\t\tELS 12 MESOS DE L&#8217;ANY\n\t<\/h1>\n\t<p>A Can Gich som amants del cicloturisme i t&#8217;ajudarem a gaudir de la seva cultura.<\/p>\n\t<p>Surt de Can Gich pedalant.<\/p>\n\t\t\t<a href=\"https:\/\/cangich.com\/cicloturisme\" target=\"_self\">\n\t\t\t\t\t\t\tCicloculturisme a can Gich\n\t\t\t\t\t<\/a>\n<h4>\n\t\tFes la teva reserva avui mateix\n\t<\/h4>\n\t\t\t<a href=\"\" target=\"_self\">\n\t\t\t\t\t\t\tReserva\n\t\t\t\t\t<\/a>\n<h2>\n\t\tCONTACTE\n\t<\/h2>\n\t<p>Si tens qualsevol pregunta, no dubtis en escriure&#8217;ns<\/p>\n\t<div class=\"frm_forms  with_frm_style frm_style_formidable-style\" id=\"frm_form_3_container\" >\n<form enctype=\"multipart\/form-data\" method=\"post\" class=\"frm-show-form \" id=\"form_contact3\" >\n<div class=\"frm_form_fields \">\n<fieldset>\n\r\n<div class=\"frm_fields_container\">\n<input type=\"hidden\" name=\"frm_action\" value=\"create\" \/>\n<input type=\"hidden\" name=\"form_id\" value=\"3\" \/>\n<input type=\"hidden\" name=\"frm_hide_fields_3\" id=\"frm_hide_fields_3\" value=\"\" \/>\n<input type=\"hidden\" name=\"form_key\" value=\"contact3\" \/>\n<input type=\"hidden\" name=\"item_meta[0]\" value=\"\" \/>\n<input type=\"hidden\" id=\"frm_submit_entry_3\" name=\"frm_submit_entry_3\" value=\"5e4d40fa55\" \/><input type=\"hidden\" name=\"_wp_http_referer\" value=\"\/es\/wp-json\/wp\/v2\/pages\/6190\" \/><div id=\"frm_field_9_container\" class=\"frm_form_field form-field  frm_required_field frm_none_container frm_full\">\r\n    <label for=\"field_xipbjr3\" class=\"frm_primary_label\">Name\r\n        <span class=\"frm_required\">*<\/span>\r\n    <\/label>\r\n    <input type=\"text\" id=\"field_xipbjr3\" name=\"item_meta[9]\" value=\"\"  placeholder=\"Nom\" data-reqmsg=\"Este campo es obligatorio\" aria-required=\"true\" data-invmsg=\"Name no es v\u00e1lido\" aria-invalid=\"false\"  \/>\r\n    \r\n    \r\n<\/div>\n<div id=\"frm_field_10_container\" class=\"frm_form_field form-field  frm_required_field frm_none_container frm_full\">\r\n    <label for=\"field_jaehy83\" class=\"frm_primary_label\">Email\r\n        <span class=\"frm_required\">*<\/span>\r\n    <\/label>\r\n    <input type=\"text\" id=\"field_jaehy83\" name=\"item_meta[10]\" value=\"\"  placeholder=\"Email\" data-reqmsg=\"Este campo es obligatorio.\" aria-required=\"true\" data-invmsg=\"Email no es v\u00e1lido\" aria-invalid=\"false\"  \/>\r\n    \r\n    \r\n<\/div>\n<div id=\"frm_field_11_container\" class=\"frm_form_field form-field  frm_none_container frm_full\">\r\n    <label for=\"field_cqpguu3\" class=\"frm_primary_label\">Phone\r\n        <span class=\"frm_required\"><\/span>\r\n    <\/label>\r\n    <input type=\"text\" id=\"field_cqpguu3\" name=\"item_meta[11]\" value=\"\"  placeholder=\"Tel\u00e8fon\" data-invmsg=\"Phone no es v\u00e1lido\" aria-invalid=\"false\"  \/>\r\n    \r\n    \r\n<\/div>\n<div id=\"frm_field_13_container\" class=\"frm_form_field form-field  frm_required_field frm_none_container frm_full\">\r\n    <label for=\"field_kggkvh3\" class=\"frm_primary_label\">Missatge\r\n        <span class=\"frm_required\">*<\/span>\r\n    <\/label>\r\n    <textarea name=\"item_meta[13]\" id=\"field_kggkvh3\" rows=\"5\"  placeholder=\"Missatge\" data-reqmsg=\"Este campo es obligatorio.\" aria-required=\"true\" data-invmsg=\"Missatge no es v\u00e1lido\" aria-invalid=\"false\"  ><\/textarea>\r\n    \r\n    \r\n<\/div>\n<div id=\"frm_field_80_container\" class=\"frm_form_field form-field  frm_top_container vertical_radio\">\n    <div  id=\"field_4zhvm_label\" class=\"frm_primary_label\">Accepto la pol\u00edtica de privacitat\n        <span class=\"frm_required\"><\/span>\n    <\/div>\n    <div class=\"frm_opt_container\" aria-labelledby=\"field_4zhvm_label\" role=\"group\">\t\t<div class=\"frm_checkbox\" id=\"frm_checkbox_80-0\">\t\t\t<label  for=\"field_4zhvm-0\">\n\t\t\t<input type=\"checkbox\" name=\"item_meta[80][]\" id=\"field_4zhvm-0\" value=\"Accepto\"  data-invmsg=\"Accepto la pol\u00edtica de privacitat no es v\u00e1lido\"   \/> Accepto<\/label><\/div>\n<\/div>\n    \n    \n<\/div>\n<div id=\"frm_field_82_container\" class=\"frm_form_field form-field \">\n\t<div class=\"frm_submit\">\r\n\r\n<input type=\"submit\" value=\"Enviar\"  \/>\r\n<img decoding=\"async\" class=\"frm_ajax_loading\" src=\"https:\/\/cangich.com\/wp-content\/plugins\/formidable\/images\/ajax_loader.gif\" alt=\"Sending\" style=\"visibility:hidden;\" \/>\r\n\r\n<\/div>\n<\/div>\n\t<input type=\"hidden\" name=\"item_key\" value=\"\" \/>\n\t\t\t<div id=\"frm_field_83_container\">\n\t\t\t<label for=\"field_sf14w\" >\n\t\t\t\tSi eres humano, deja este campo en blanco.\t\t\t<\/label>\n\t\t\t<input  id=\"field_sf14w\" type=\"text\" class=\"frm_form_field form-field frm_verify\" name=\"item_meta[83]\" value=\"\"  \/>\n\t\t<\/div>\n\t\t<input name=\"frm_state\" type=\"hidden\" value=\"IJdW\/LtUnOZx56QYfsYziR+2Zh7qrv2pQxD6aO3dBbo=\" \/><\/div>\n<\/fieldset>\n<\/div>\n<script type=\"text\/javascript\">var input = document.createElement('input');\n    input.setAttribute('type', 'hidden');\n    input.setAttribute('name', 'ct_checkjs_frm');\n    input.setAttribute('value', 'ccaa6f34a3508c13c676f495625cc9bd1d563a2412c57e7bda794ac3a07e30f2');\n    for (i = 0; i < document.forms.length; i++) {\n        if (typeof document.forms[i].id == 'string'){\n\t\t\tif(document.forms[i].id.search('form_contact3') != -1) {\n            document.forms[i].appendChild(input);\n\t\t\t}\n        }\n    }<\/script>\n\n<\/form>\n<\/div>\n\n\n","protected":false},"excerpt":{"rendered":"<p>ESPAIS EXTERIORS UN ENTORN ACOLLIDOR Gaudeix dels espais exteriors de Can Gich i relaxa&#8217;t en un entorn privilegiat de natura i calma. Llegeix mentre gaudeixes de la llar de foc, cuina una barbacoa a l&#8217;exterior amb carb\u00f3, gaudeix dels teus &hellip; <a href=\"https:\/\/cangich.com\/es\/espacios-exteriores\/\">Read More<\/a><\/p>\n","protected":false},"author":1,"featured_media":0,"parent":0,"menu_order":0,"comment_status":"closed","ping_status":"closed","template":"template-page-builder-no-header-footer.php","meta":{"_monsterinsights_skip_tracking":false,"_monsterinsights_sitenote_active":false,"_monsterinsights_sitenote_note":"","_monsterinsights_sitenote_category":0,"footnotes":""},"class_list":["post-6190","page","type-page","status-publish","hentry"],"yoast_head":"<!-- This site is optimized with the Yoast SEO plugin v27.2 - https:\/\/yoast.com\/product\/yoast-seo-wordpress\/ -->\n<title>Espacios Exteriores - Can Gich<\/title>\n<meta name=\"description\" content=\"Descubre los espacios exteriores de Can Gich, una casa ubicada en el espacio natural de Les Gavarres donde conectar con la naturaleza y la calma.\" \/>\n<meta name=\"robots\" content=\"index, follow, max-snippet:-1, max-image-preview:large, max-video-preview:-1\" \/>\n<link rel=\"canonical\" href=\"https:\/\/cangich.com\/espais-exteriors\/\" \/>\n<meta property=\"og:locale\" content=\"es_ES\" \/>\n<meta property=\"og:type\" content=\"article\" \/>\n<meta property=\"og:title\" content=\"Espacios Exteriores - Can Gich\" \/>\n<meta property=\"og:description\" content=\"Descubre los espacios exteriores de Can Gich, una casa ubicada en el espacio natural de Les Gavarres donde conectar con la naturaleza y la calma.\" \/>\n<meta property=\"og:url\" content=\"https:\/\/cangich.com\/espais-exteriors\/\" \/>\n<meta property=\"og:site_name\" content=\"Can Gich\" \/>\n<meta property=\"article:modified_time\" content=\"2025-02-12T11:12:31+00:00\" \/>\n<meta name=\"twitter:card\" content=\"summary_large_image\" \/>\n<meta name=\"twitter:label1\" content=\"Tiempo de lectura\" \/>\n\t<meta name=\"twitter:data1\" content=\"1 minuto\" \/>\n<script type=\"application\/ld+json\" class=\"yoast-schema-graph\">{\"@context\":\"https:\/\/schema.org\",\"@graph\":[{\"@type\":\"WebPage\",\"@id\":\"https:\/\/cangich.com\/espais-exteriors\/\",\"url\":\"https:\/\/cangich.com\/espais-exteriors\/\",\"name\":\"Espacios Exteriores - Can Gich\",\"isPartOf\":{\"@id\":\"https:\/\/cangich.com\/#website\"},\"datePublished\":\"2025-01-23T11:13:07+00:00\",\"dateModified\":\"2025-02-12T11:12:31+00:00\",\"description\":\"Descubre los espacios exteriores de Can Gich, una casa ubicada en el espacio natural de Les Gavarres donde conectar con la naturaleza y la calma.\",\"breadcrumb\":{\"@id\":\"https:\/\/cangich.com\/espais-exteriors\/#breadcrumb\"},\"inLanguage\":\"es\",\"potentialAction\":[{\"@type\":\"ReadAction\",\"target\":[\"https:\/\/cangich.com\/espais-exteriors\/\"]}]},{\"@type\":\"BreadcrumbList\",\"@id\":\"https:\/\/cangich.com\/espais-exteriors\/#breadcrumb\",\"itemListElement\":[{\"@type\":\"ListItem\",\"position\":1,\"name\":\"Portada\",\"item\":\"https:\/\/cangich.com\/es\/\"},{\"@type\":\"ListItem\",\"position\":2,\"name\":\"Espacios Exteriores\"}]},{\"@type\":\"WebSite\",\"@id\":\"https:\/\/cangich.com\/#website\",\"url\":\"https:\/\/cangich.com\/\",\"name\":\"Can Gich\",\"description\":\"Cicloturisme i natura\",\"potentialAction\":[{\"@type\":\"SearchAction\",\"target\":{\"@type\":\"EntryPoint\",\"urlTemplate\":\"https:\/\/cangich.com\/?s={search_term_string}\"},\"query-input\":{\"@type\":\"PropertyValueSpecification\",\"valueRequired\":true,\"valueName\":\"search_term_string\"}}],\"inLanguage\":\"es\"}]}<\/script>\n<!-- \/ Yoast SEO plugin. -->","yoast_head_json":{"title":"Espacios Exteriores - Can Gich","description":"Descubre los espacios exteriores de Can Gich, una casa ubicada en el espacio natural de Les Gavarres donde conectar con la naturaleza y la calma.","robots":{"index":"index","follow":"follow","max-snippet":"max-snippet:-1","max-image-preview":"max-image-preview:large","max-video-preview":"max-video-preview:-1"},"canonical":"https:\/\/cangich.com\/espais-exteriors\/","og_locale":"es_ES","og_type":"article","og_title":"Espacios Exteriores - Can Gich","og_description":"Descubre los espacios exteriores de Can Gich, una casa ubicada en el espacio natural de Les Gavarres donde conectar con la naturaleza y la calma.","og_url":"https:\/\/cangich.com\/espais-exteriors\/","og_site_name":"Can Gich","article_modified_time":"2025-02-12T11:12:31+00:00","twitter_card":"summary_large_image","twitter_misc":{"Tiempo de lectura":"1 minuto"},"schema":{"@context":"https:\/\/schema.org","@graph":[{"@type":"WebPage","@id":"https:\/\/cangich.com\/espais-exteriors\/","url":"https:\/\/cangich.com\/espais-exteriors\/","name":"Espacios Exteriores - Can Gich","isPartOf":{"@id":"https:\/\/cangich.com\/#website"},"datePublished":"2025-01-23T11:13:07+00:00","dateModified":"2025-02-12T11:12:31+00:00","description":"Descubre los espacios exteriores de Can Gich, una casa ubicada en el espacio natural de Les Gavarres donde conectar con la naturaleza y la calma.","breadcrumb":{"@id":"https:\/\/cangich.com\/espais-exteriors\/#breadcrumb"},"inLanguage":"es","potentialAction":[{"@type":"ReadAction","target":["https:\/\/cangich.com\/espais-exteriors\/"]}]},{"@type":"BreadcrumbList","@id":"https:\/\/cangich.com\/espais-exteriors\/#breadcrumb","itemListElement":[{"@type":"ListItem","position":1,"name":"Portada","item":"https:\/\/cangich.com\/es\/"},{"@type":"ListItem","position":2,"name":"Espacios Exteriores"}]},{"@type":"WebSite","@id":"https:\/\/cangich.com\/#website","url":"https:\/\/cangich.com\/","name":"Can Gich","description":"Cicloturisme i natura","potentialAction":[{"@type":"SearchAction","target":{"@type":"EntryPoint","urlTemplate":"https:\/\/cangich.com\/?s={search_term_string}"},"query-input":{"@type":"PropertyValueSpecification","valueRequired":true,"valueName":"search_term_string"}}],"inLanguage":"es"}]}},"_links":{"self":[{"href":"https:\/\/cangich.com\/es\/wp-json\/wp\/v2\/pages\/6190","targetHints":{"allow":["GET"]}}],"collection":[{"href":"https:\/\/cangich.com\/es\/wp-json\/wp\/v2\/pages"}],"about":[{"href":"https:\/\/cangich.com\/es\/wp-json\/wp\/v2\/types\/page"}],"author":[{"embeddable":true,"href":"https:\/\/cangich.com\/es\/wp-json\/wp\/v2\/users\/1"}],"replies":[{"embeddable":true,"href":"https:\/\/cangich.com\/es\/wp-json\/wp\/v2\/comments?post=6190"}],"version-history":[{"count":3,"href":"https:\/\/cangich.com\/es\/wp-json\/wp\/v2\/pages\/6190\/revisions"}],"predecessor-version":[{"id":6493,"href":"https:\/\/cangich.com\/es\/wp-json\/wp\/v2\/pages\/6190\/revisions\/6493"}],"wp:attachment":[{"href":"https:\/\/cangich.com\/es\/wp-json\/wp\/v2\/media?parent=6190"}],"curies":[{"name":"wp","href":"https:\/\/api.w.org\/{rel}","templated":true}]}}