{"id":6214,"date":"2025-01-23T11:11:09","date_gmt":"2025-01-23T11:11:09","guid":{"rendered":"https:\/\/cangich.com\/?page_id=6214"},"modified":"2025-02-12T13:12:57","modified_gmt":"2025-02-12T13:12:57","slug":"la-casa","status":"publish","type":"page","link":"https:\/\/cangich.com\/es\/la-casa\/","title":{"rendered":"La Casa"},"content":{"rendered":"\n<h1>\n\t\tLA CASA\n\t<\/h1>\n\t<section data-id=\"2b3f7e65\" data-element_type=\"section\" data-settings=\"{&quot;background_background&quot;:&quot;classic&quot;}\">\n<p>Un espai creat perqu\u00e8 et sentis molt a gust<\/p>\n<\/section>\n<h2>\n\t\tESPAIS\n\t<\/h2>\n\t<section data-id=\"2b3f7e65\" data-element_type=\"section\" data-settings=\"{&quot;background_background&quot;:&quot;classic&quot;}\">\n<p>Tots els espais han estat dissenyats perqu\u00e8 regni la calma i et sentis com a casa<\/p>\n<\/section>\n<h1>\n\t\t<a href=\"https:\/\/cangich.com\/espais-exteriors\/\" title=\"Exteriors\"  target=\"_self\">\n\t\tExteriors\n\t\t<\/a>\n\t<\/h1>\n<h1>\n\t\t<a href=\"https:\/\/cangich.com\/espais-interiors\/\" title=\"Interiors\"  target=\"_self\">\n\t\tInteriors\n\t\t<\/a>\n\t<\/h1>\n<h4>\n\t\tVols veure m\u00e9s?\n\t<\/h4>\n\t\t\t<a href=\"https:\/\/cangich.com\/fotos\/\" target=\"_self\">\n\t\t\t\t\t\t\tM\u00e9s fotos\n\t\t\t\t\t<\/a>\n<h4>\n\t\t6 habitacions\n\t<\/h4>\n\t<p>6 habitacions i 16 llits<\/p>\n<h4>\n\t\tAmbient familiar\n\t<\/h4>\n\t<p>Apostem pel turisme de qualitat, respectu\u00f2s amb la natura i l&#8217;entorn<\/p>\n<p>&nbsp;<\/p>\n<h4>\n\t\tSala polivalent\n\t<\/h4>\n\t<p>On celebrar reunions, sessions de ioga i molt m\u00e9s<\/p>\n<p>&nbsp;<\/p>\n<h4>\n\t\t2 banys\n\t<\/h4>\n\t<p>Comptem amb dos banys completament equipats<\/p>\n<p>&nbsp;<\/p>\n<h4>\n\t\tEspais verds\n\t<\/h4>\n\t<p>Espais on relaxar-te i prendre el sol en plenna connexi\u00f3 amb la natura<\/p>\n<p>&nbsp;<\/p>\n<h4>\n\t\tPiscina\n\t<\/h4>\n\t<p>Gaudeix d&#8217;una piscina privada on refrescar-te en els dies m\u00e9s calurosos<\/p>\n\t<p>La casa a la natura de Can Gich es troba a l&#8217;entrada de la vall de Palagret per la banda de Jui\u00e0, arran del cam\u00ed dels masos Espolla i Pou, travessant la riera, cap al castell de Palagret, en un entorn realment \u00fanic dins del Parc Natural de Les Gavarres. Encara que no coneguem amb exactitud l&#8217;any de construcci\u00f3 del Mas, si sabem una mica de la seva hist\u00f2ria. Antigament es coneixia com a Mas Banyes, cognom de la primera fam\u00edlia propiet\u00e0ria. La primera refer\u00e8ncia escrita del cognom Banyes de Palagret apareix a la Pia Almonia gironina del 1372. La casa va ser heretada consecutivament per diversos familiars \u00abBanyes\u00bb fins a mitjans del segle XX.\u00a0 Actualment, la casa conserva el cognom de Gich, que t\u00e9 el seu origen en una fam\u00edlia de Sant Mart\u00ed Vell, un poblet molt proper, que varen entrar al mas a mitjans del segle XIX com a pastors i varen esdevenir finalment propietaris el 1932. Com a curiositats conservades destaquen les restes d&#8217;un antic forn de cal\u00e7 i les inscripcions esgrafiades a les rajoles que sobresurten de la tortugada del teular, en un aparent hebreu, que segueixen sent una inc\u00f2gnita.<\/p>\n<h2>\n\t\tUBICACI\u00d3\n\t<\/h2>\n\t<p>Can Gich es troba en l&#8217;entorn del Parc Natural de Les Gavarres, declarat espai d&#8217;inter\u00e8s natural el 1992. Les Gavarres, amb 28.672 hect\u00e0rees, constitueix l&#8217;extrem septentrional de la serralada Litoral Catalana i \u00e9s un mass\u00eds reconegut pel seu valor cient\u00edfic, ecol\u00f2gic, paisatg\u00edstic i cultural. El mass\u00eds \u00e9s la barrera f\u00edsica entre el Baix Empord\u00e0 i la Selva. El pic m\u00e9s elevat \u00e9s el Puig de la Gavarra amb 532 metres d&#8217;altitud, seguit del Puig d&#8217;Arques amb 527 metres.<\/p>\n\t<iframe src=\"https:\/\/www.google.com\/maps\/embed\/v1\/place?q=Paratge%2C+Av.+Palagret%2C+5%2C+17460+Celr%C3%A0%2C+Giron&#038;key=AIzaSyD09zQ9PNDNNy9TadMuzRV_UsPUoWKntt8\" aria-hidden=\"true\" title=\"Can Gich\"><\/iframe>\n<h2>\n\t\tCONTACTE\n\t<\/h2>\n\t<p>Si tens qualsevol pregunta, no dubtis en escriure&#8217;ns<\/p>\n\t<div class=\"frm_forms  with_frm_style frm_style_formidable-style\" id=\"frm_form_3_container\" >\n<form enctype=\"multipart\/form-data\" method=\"post\" class=\"frm-show-form \" id=\"form_contact3\" >\n<div class=\"frm_form_fields \">\n<fieldset>\n\r\n<div class=\"frm_fields_container\">\n<input type=\"hidden\" name=\"frm_action\" value=\"create\" \/>\n<input type=\"hidden\" name=\"form_id\" value=\"3\" \/>\n<input type=\"hidden\" name=\"frm_hide_fields_3\" id=\"frm_hide_fields_3\" value=\"\" \/>\n<input type=\"hidden\" name=\"form_key\" value=\"contact3\" \/>\n<input type=\"hidden\" name=\"item_meta[0]\" value=\"\" \/>\n<input type=\"hidden\" id=\"frm_submit_entry_3\" name=\"frm_submit_entry_3\" value=\"5e4d40fa55\" \/><input type=\"hidden\" name=\"_wp_http_referer\" value=\"\/es\/wp-json\/wp\/v2\/pages\/6214\" \/><div id=\"frm_field_9_container\" class=\"frm_form_field form-field  frm_required_field frm_none_container frm_full\">\r\n    <label for=\"field_xipbjr3\" class=\"frm_primary_label\">Name\r\n        <span class=\"frm_required\">*<\/span>\r\n    <\/label>\r\n    <input type=\"text\" id=\"field_xipbjr3\" name=\"item_meta[9]\" value=\"\"  placeholder=\"Nom\" data-reqmsg=\"Este campo es obligatorio\" aria-required=\"true\" data-invmsg=\"Name no es v\u00e1lido\" aria-invalid=\"false\"  \/>\r\n    \r\n    \r\n<\/div>\n<div id=\"frm_field_10_container\" class=\"frm_form_field form-field  frm_required_field frm_none_container frm_full\">\r\n    <label for=\"field_jaehy83\" class=\"frm_primary_label\">Email\r\n        <span class=\"frm_required\">*<\/span>\r\n    <\/label>\r\n    <input type=\"text\" id=\"field_jaehy83\" name=\"item_meta[10]\" value=\"\"  placeholder=\"Email\" data-reqmsg=\"Este campo es obligatorio.\" aria-required=\"true\" data-invmsg=\"Email no es v\u00e1lido\" aria-invalid=\"false\"  \/>\r\n    \r\n    \r\n<\/div>\n<div id=\"frm_field_11_container\" class=\"frm_form_field form-field  frm_none_container frm_full\">\r\n    <label for=\"field_cqpguu3\" class=\"frm_primary_label\">Phone\r\n        <span class=\"frm_required\"><\/span>\r\n    <\/label>\r\n    <input type=\"text\" id=\"field_cqpguu3\" name=\"item_meta[11]\" value=\"\"  placeholder=\"Tel\u00e8fon\" data-invmsg=\"Phone no es v\u00e1lido\" aria-invalid=\"false\"  \/>\r\n    \r\n    \r\n<\/div>\n<div id=\"frm_field_13_container\" class=\"frm_form_field form-field  frm_required_field frm_none_container frm_full\">\r\n    <label for=\"field_kggkvh3\" class=\"frm_primary_label\">Missatge\r\n        <span class=\"frm_required\">*<\/span>\r\n    <\/label>\r\n    <textarea name=\"item_meta[13]\" id=\"field_kggkvh3\" rows=\"5\"  placeholder=\"Missatge\" data-reqmsg=\"Este campo es obligatorio.\" aria-required=\"true\" data-invmsg=\"Missatge no es v\u00e1lido\" aria-invalid=\"false\"  ><\/textarea>\r\n    \r\n    \r\n<\/div>\n<div id=\"frm_field_80_container\" class=\"frm_form_field form-field  frm_top_container vertical_radio\">\n    <div  id=\"field_4zhvm_label\" class=\"frm_primary_label\">Accepto la pol\u00edtica de privacitat\n        <span class=\"frm_required\"><\/span>\n    <\/div>\n    <div class=\"frm_opt_container\" aria-labelledby=\"field_4zhvm_label\" role=\"group\">\t\t<div class=\"frm_checkbox\" id=\"frm_checkbox_80-0\">\t\t\t<label  for=\"field_4zhvm-0\">\n\t\t\t<input type=\"checkbox\" name=\"item_meta[80][]\" id=\"field_4zhvm-0\" value=\"Accepto\"  data-invmsg=\"Accepto la pol\u00edtica de privacitat no es v\u00e1lido\"   \/> Accepto<\/label><\/div>\n<\/div>\n    \n    \n<\/div>\n<div id=\"frm_field_82_container\" class=\"frm_form_field form-field \">\n\t<div class=\"frm_submit\">\r\n\r\n<input type=\"submit\" value=\"Enviar\"  \/>\r\n<img decoding=\"async\" class=\"frm_ajax_loading\" src=\"https:\/\/cangich.com\/wp-content\/plugins\/formidable\/images\/ajax_loader.gif\" alt=\"Sending\" style=\"visibility:hidden;\" \/>\r\n\r\n<\/div>\n<\/div>\n\t<input type=\"hidden\" name=\"item_key\" value=\"\" \/>\n\t\t\t<div id=\"frm_field_83_container\">\n\t\t\t<label for=\"field_m4y3c\" >\n\t\t\t\tSi eres humano, deja este campo en blanco.\t\t\t<\/label>\n\t\t\t<input  id=\"field_m4y3c\" type=\"text\" class=\"frm_form_field form-field frm_verify\" name=\"item_meta[83]\" value=\"\"  \/>\n\t\t<\/div>\n\t\t<input name=\"frm_state\" type=\"hidden\" value=\"IJdW\/LtUnOZx56QYfsYziR+2Zh7qrv2pQxD6aO3dBbo=\" \/><\/div>\n<\/fieldset>\n<\/div>\n<script type=\"text\/javascript\">var input = document.createElement('input');\n    input.setAttribute('type', 'hidden');\n    input.setAttribute('name', 'ct_checkjs_frm');\n    input.setAttribute('value', 'ccaa6f34a3508c13c676f495625cc9bd1d563a2412c57e7bda794ac3a07e30f2');\n    for (i = 0; i < document.forms.length; i++) {\n        if (typeof document.forms[i].id == 'string'){\n\t\t\tif(document.forms[i].id.search('form_contact3') != -1) {\n            document.forms[i].appendChild(input);\n\t\t\t}\n        }\n    }<\/script>\n\n<\/form>\n<\/div>\n\n\n","protected":false},"excerpt":{"rendered":"<p>LA CASA Un espai creat perqu\u00e8 et sentis molt a gust ESPAIS Tots els espais han estat dissenyats perqu\u00e8 regni la calma i et sentis com a casa Exteriors Interiors Vols veure m\u00e9s? M\u00e9s fotos 6 habitacions 6 habitacions i &hellip; <a href=\"https:\/\/cangich.com\/es\/la-casa\/\">Read More<\/a><\/p>\n","protected":false},"author":1,"featured_media":0,"parent":0,"menu_order":0,"comment_status":"closed","ping_status":"closed","template":"template-page-builder-no-header-footer.php","meta":{"_monsterinsights_skip_tracking":false,"_monsterinsights_sitenote_active":false,"_monsterinsights_sitenote_note":"","_monsterinsights_sitenote_category":0,"footnotes":""},"class_list":["post-6214","page","type-page","status-publish","hentry"],"yoast_head":"<!-- This site is optimized with the Yoast SEO plugin v27.2 - https:\/\/yoast.com\/product\/yoast-seo-wordpress\/ -->\n<title>La Casa - Can Gich<\/title>\n<meta name=\"description\" content=\"Descubre la casa de Can Gich, un espacio entre monta\u00f1as creado con amor y aprecio para que puedas disfrutar de la naturaleza, la calma y el ciclismo.\" \/>\n<meta name=\"robots\" content=\"index, follow, max-snippet:-1, max-image-preview:large, max-video-preview:-1\" \/>\n<link rel=\"canonical\" href=\"https:\/\/cangich.com\/es\/la-casa\/\" \/>\n<meta property=\"og:locale\" content=\"es_ES\" \/>\n<meta property=\"og:type\" content=\"article\" \/>\n<meta property=\"og:title\" content=\"La Casa - Can Gich\" \/>\n<meta property=\"og:description\" content=\"Descubre la casa de Can Gich, un espacio entre monta\u00f1as creado con amor y aprecio para que puedas disfrutar de la naturaleza, la calma y el ciclismo.\" \/>\n<meta property=\"og:url\" content=\"https:\/\/cangich.com\/es\/la-casa\/\" \/>\n<meta property=\"og:site_name\" content=\"Can Gich\" \/>\n<meta property=\"article:modified_time\" content=\"2025-02-12T13:12:57+00:00\" \/>\n<meta name=\"twitter:card\" content=\"summary_large_image\" \/>\n<meta name=\"twitter:label1\" content=\"Tiempo de lectura\" \/>\n\t<meta name=\"twitter:data1\" content=\"2 minutos\" \/>\n<script type=\"application\/ld+json\" class=\"yoast-schema-graph\">{\"@context\":\"https:\/\/schema.org\",\"@graph\":[{\"@type\":\"WebPage\",\"@id\":\"https:\/\/cangich.com\/es\/la-casa\/\",\"url\":\"https:\/\/cangich.com\/es\/la-casa\/\",\"name\":\"La Casa - Can Gich\",\"isPartOf\":{\"@id\":\"https:\/\/cangich.com\/#website\"},\"datePublished\":\"2025-01-23T11:11:09+00:00\",\"dateModified\":\"2025-02-12T13:12:57+00:00\",\"description\":\"Descubre la casa de Can Gich, un espacio entre monta\u00f1as creado con amor y aprecio para que puedas disfrutar de la naturaleza, la calma y el ciclismo.\",\"breadcrumb\":{\"@id\":\"https:\/\/cangich.com\/es\/la-casa\/#breadcrumb\"},\"inLanguage\":\"es\",\"potentialAction\":[{\"@type\":\"ReadAction\",\"target\":[\"https:\/\/cangich.com\/es\/la-casa\/\"]}]},{\"@type\":\"BreadcrumbList\",\"@id\":\"https:\/\/cangich.com\/es\/la-casa\/#breadcrumb\",\"itemListElement\":[{\"@type\":\"ListItem\",\"position\":1,\"name\":\"Portada\",\"item\":\"https:\/\/cangich.com\/es\/\"},{\"@type\":\"ListItem\",\"position\":2,\"name\":\"La Casa\"}]},{\"@type\":\"WebSite\",\"@id\":\"https:\/\/cangich.com\/#website\",\"url\":\"https:\/\/cangich.com\/\",\"name\":\"Can Gich\",\"description\":\"Cicloturisme i natura\",\"potentialAction\":[{\"@type\":\"SearchAction\",\"target\":{\"@type\":\"EntryPoint\",\"urlTemplate\":\"https:\/\/cangich.com\/?s={search_term_string}\"},\"query-input\":{\"@type\":\"PropertyValueSpecification\",\"valueRequired\":true,\"valueName\":\"search_term_string\"}}],\"inLanguage\":\"es\"}]}<\/script>\n<!-- \/ Yoast SEO plugin. -->","yoast_head_json":{"title":"La Casa - Can Gich","description":"Descubre la casa de Can Gich, un espacio entre monta\u00f1as creado con amor y aprecio para que puedas disfrutar de la naturaleza, la calma y el ciclismo.","robots":{"index":"index","follow":"follow","max-snippet":"max-snippet:-1","max-image-preview":"max-image-preview:large","max-video-preview":"max-video-preview:-1"},"canonical":"https:\/\/cangich.com\/es\/la-casa\/","og_locale":"es_ES","og_type":"article","og_title":"La Casa - Can Gich","og_description":"Descubre la casa de Can Gich, un espacio entre monta\u00f1as creado con amor y aprecio para que puedas disfrutar de la naturaleza, la calma y el ciclismo.","og_url":"https:\/\/cangich.com\/es\/la-casa\/","og_site_name":"Can Gich","article_modified_time":"2025-02-12T13:12:57+00:00","twitter_card":"summary_large_image","twitter_misc":{"Tiempo de lectura":"2 minutos"},"schema":{"@context":"https:\/\/schema.org","@graph":[{"@type":"WebPage","@id":"https:\/\/cangich.com\/es\/la-casa\/","url":"https:\/\/cangich.com\/es\/la-casa\/","name":"La Casa - Can Gich","isPartOf":{"@id":"https:\/\/cangich.com\/#website"},"datePublished":"2025-01-23T11:11:09+00:00","dateModified":"2025-02-12T13:12:57+00:00","description":"Descubre la casa de Can Gich, un espacio entre monta\u00f1as creado con amor y aprecio para que puedas disfrutar de la naturaleza, la calma y el ciclismo.","breadcrumb":{"@id":"https:\/\/cangich.com\/es\/la-casa\/#breadcrumb"},"inLanguage":"es","potentialAction":[{"@type":"ReadAction","target":["https:\/\/cangich.com\/es\/la-casa\/"]}]},{"@type":"BreadcrumbList","@id":"https:\/\/cangich.com\/es\/la-casa\/#breadcrumb","itemListElement":[{"@type":"ListItem","position":1,"name":"Portada","item":"https:\/\/cangich.com\/es\/"},{"@type":"ListItem","position":2,"name":"La Casa"}]},{"@type":"WebSite","@id":"https:\/\/cangich.com\/#website","url":"https:\/\/cangich.com\/","name":"Can Gich","description":"Cicloturisme i natura","potentialAction":[{"@type":"SearchAction","target":{"@type":"EntryPoint","urlTemplate":"https:\/\/cangich.com\/?s={search_term_string}"},"query-input":{"@type":"PropertyValueSpecification","valueRequired":true,"valueName":"search_term_string"}}],"inLanguage":"es"}]}},"_links":{"self":[{"href":"https:\/\/cangich.com\/es\/wp-json\/wp\/v2\/pages\/6214","targetHints":{"allow":["GET"]}}],"collection":[{"href":"https:\/\/cangich.com\/es\/wp-json\/wp\/v2\/pages"}],"about":[{"href":"https:\/\/cangich.com\/es\/wp-json\/wp\/v2\/types\/page"}],"author":[{"embeddable":true,"href":"https:\/\/cangich.com\/es\/wp-json\/wp\/v2\/users\/1"}],"replies":[{"embeddable":true,"href":"https:\/\/cangich.com\/es\/wp-json\/wp\/v2\/comments?post=6214"}],"version-history":[{"count":5,"href":"https:\/\/cangich.com\/es\/wp-json\/wp\/v2\/pages\/6214\/revisions"}],"predecessor-version":[{"id":6554,"href":"https:\/\/cangich.com\/es\/wp-json\/wp\/v2\/pages\/6214\/revisions\/6554"}],"wp:attachment":[{"href":"https:\/\/cangich.com\/es\/wp-json\/wp\/v2\/media?parent=6214"}],"curies":[{"name":"wp","href":"https:\/\/api.w.org\/{rel}","templated":true}]}}